{"id":16,"date":"2016-05-23T20:32:24","date_gmt":"2016-05-23T20:32:24","guid":{"rendered":"https:\/\/efweha-verlag.de\/wordpress\/?page_id=16"},"modified":"2017-08-10T16:38:30","modified_gmt":"2017-08-10T14:38:30","slug":"agb","status":"publish","type":"page","link":"https:\/\/efweha-verlag.de\/wordpress\/agb\/","title":{"rendered":"AGB &#038; Widerrufsbelehrung"},"content":{"rendered":"<h1 class=\"h1x97\">Allgemeine Gesch\u00e4ftsbedingungen<\/h1>\n<h2 class=\"h2x97\">Versandkosten<\/h2>\n<p class=\"x97\"><span style=\"font-size: medium;\">Bei Lieferungen ins <strong>Inland<\/strong> fallen ab einem Bestellwert von 5,&#8211; Euro keine Versandkosten an. Bei einem niedrigeren Bestellwert \u2013 mit Ausnahme des Versands von eBooks per E-Mail \u2013 betragen die Versandkosten 2,&#8211; Euro pro Bestellung.<br \/>\n<\/span><span style=\"font-size: medium;\">Die Versandkosten ins <strong>EU-Ausland<\/strong> ergeben sich aus der Differenz zwischen den Kosten f\u00fcr den Versand als &#8222;Buch International econmy&#8220; und der vergleichbaren B\u00fcchersendung ins Inland.<br \/>\n<strong>Beipspielrechnung<\/strong> f\u00fcr die Versandkosten f\u00fcr ein Exemplar der gedruckten <a href=\"https:\/\/efweha-verlag.de\/verlagsprogramm\/datenschutzwissen-praxiserpobt-fuer-unternehmen-gewerbetreibende-selbstaendige\/bd-4-1-dsgvo-synopse-mit-gegenueberstellung-der-artikel-und-erwaegungsgruende-sowie-entsprechenden-regelungen-des-neuen-bdsg\/\">DSGVO-Synopse<\/a> ins EU-Ausland: B\u00fcchsendung Inland: 1,&#8211; \u20ac, Presse und Buch International economy: 3.20 \u20ac, Differenz: 2,20 \u20ac, die als Versandskosten berechnet werden.<br \/>\n<\/span><\/p>\n<h2 class=\"h2x97\">Buchhandel<\/h2>\n<p class=\"x97\"><span style=\"font-size: medium;\">Bitte beachten Sie unsere <a class=\"x97\" href=\"http:\/\/efweha-verlag.de\/agb\/fuer-den-buchhandel\/\">AGB und Hinweise f\u00fcr den Buchhandel<\/a>\u00a0zur M\u00f6glichkeit der elektronischen Bestellung und zum Buchhandelsrabatt sowie zu den Versandm\u00f6glichkeiten.<\/span><\/p>\n<h2>Eigentumsvorbehalt<\/h2>\n<p class=\"x97\">\u00a0<span style=\"font-size: medium;\">Die gelieferte Ware bleibt bis zur vollst\u00e4ndigen Bezahlung unser Eigentum.<\/span><\/p>\n<h2 class=\"h2x97\">\u00a0<strong>Widerruf \/ R\u00fccknahme<\/strong><\/h2>\n<p class=\"x97\"><span style=\"font-size: medium;\">Sofern Sie als Verbraucher\/in bestellen\u00a0(Verbraucher\/in ist\u00a0im Sinne des <\/span><a class=\"x97\" href=\"http:\/\/www.gesetze-im-internet.de\/bgb\/__13.html\" target=\"_blank\" rel=\"noopener\"><span style=\"font-size: medium;\"><img decoding=\"async\" src=\"http:\/\/efweha-verlag.de\/userfiles\/externer-link.gif\" border=\"0\" hspace=\"0\" \/>\u00a7 13 BGB<\/span><\/a><span style=\"font-size: medium;\"> jede nat\u00fcrliche Person, die ein Rechtsgesch\u00e4ft zu einem Zwecke abschlie\u00dft, der weder ihrer gewerblichen noch ihrer selbst\u00e4ndigen beruflichen T\u00e4tigkeit zugerechnet werden kann) gilt f\u00fcr Sie die nachfolgende Widerrufsbelehrung<\/span><\/p>\n<h3>Widerrufsbelehrung<\/h3>\n<h4>Widerrufsrecht<\/h4>\n<p><span style=\"font-size: medium;\">Sie haben das Recht, binnen vierzehn Tagen ohne Angabe von Gr\u00fcnden diesen Vertrag zu widerrufen. Die Widerrufsfrist betr\u00e4gt vierzehn Tage ab dem Tag, an dem Sie oder ein von Ihnen benannter Dritter, der nicht der Bef\u00f6rderer ist, die Waren in Besitz genommen haben bzw. hat. Gem\u00e4\u00df\u00a0<a class=\"x97\" href=\"http:\/\/www.gesetze-im-internet.de\/bgb\/__13.html\" target=\"_blank\" rel=\"noopener\"><img decoding=\"async\" src=\"http:\/\/efweha-verlag.de\/userfiles\/externer-link.gif\" border=\"0\" hspace=\"0\" \/><\/a><a href=\"http:\/\/www.gesetze-im-internet.de\/bgb\/__356.html\" target=\"_blank\" rel=\"noopener\">\u00a7 356\u00a0 Abs. 2, Ziff. 2 BGB<\/a>\u00a0 beginnt die Widerrufsfrist\u201ebei einem Vertrag, der (\u2026) die Lieferung von nicht auf einem k\u00f6rperlichen Datentr\u00e4ger befindlichen digitalen Inhalten zum Gegenstand hat, mit Vertragsschluss\u201c.<br \/>\n<\/span>Um Ihr Widerrufsrecht auszu\u00fcben, m\u00fcssen Sie uns<\/p>\n<p style=\"text-align: center;\">Werner H\u00fclsmann EfWeHa-Verlag<br \/>\nGeb. 1 \/ 1.OG<br \/>\nM\u00fcnchener Str. 101<br \/>\n85737 Ismaning<br \/>\nTelefaxnummer: 089 \/ 51 30 56 98<br \/>\nE-Mail-Adresse: <a href=\"mailto:info@efweha-verlag.de?subject=Widerruf\"><img loading=\"lazy\" decoding=\"async\" class=\"alignnone size-full wp-image-76\" src=\"https:\/\/efweha-verlag.de\/wordpress\/wp-content\/uploads\/2016\/05\/info_efweha-verlag_de.gif\" alt=\"info_efweha-verlag_de\" width=\"189\" height=\"19\" \/><\/a><\/p>\n<p><span style=\"font-size: medium;\">\u00fcber Ihren Entschluss, diesen Vertrag zu widerrufen, informieren. Sie k\u00f6nnen daf\u00fcr das beigef\u00fcgte <a title=\"Widerrufsformular\" href=\"https:\/\/efweha-verlag.de\/wordpress\/wp-content\/uploads\/2016\/05\/Widerrufsformular-2014-06-15.pdf\" target=\"_blank\" rel=\"noopener\">Muster-Widerrufsformular<\/a> verwenden, das jedoch nicht vorgeschrieben ist.<br \/>\nZur Wahrung der Widerrufsfrist reicht es aus, dass Sie die Mitteilung \u00fcber die Aus\u00fcbung des Widerrufsrechts vor Ablauf der Widerrufsfrist absenden.<\/span><\/p>\n<h4>Widerrufsfolgen<\/h4>\n<p><span style=\"font-size: medium;\">Wenn Sie diesen Vertrag widerrufen, haben wir Ihnen alle Zahlungen, die wir von Ihnen erhalten haben, einschlie\u00dflich der Lieferkosten (mit Ausnahme der zus\u00e4tzlichen Kosten, die sich daraus ergeben, dass Sie eine andere Art der Lieferung als die von uns angebotene, g\u00fcnstigste Standardlieferung gew\u00e4hlt haben), unverz\u00fcglich und sp\u00e4testens binnen vierzehn Tagen ab dem Tag zur\u00fcckzuzahlen, an dem die Mitteilung \u00fcber Ihren Widerruf dieses Vertrags bei uns eingegangen ist. F\u00fcr diese R\u00fcckzahlung verwenden wir dasselbe Zahlungsmittel, das Sie bei der urspr\u00fcnglichen Transaktion eingesetzt haben, es sei denn, mit Ihnen wurde ausdr\u00fccklich etwas anderes vereinbart; in keinem Fall werden Ihnen wegen dieser R\u00fcckzahlung Entgelte berechnet. Wir k\u00f6nnen die R\u00fcckzahlung verweigern, bis wir die Waren wieder zur\u00fcckerhalten haben oder bis Sie den Nachweis erbracht haben, dass Sie die Waren zur\u00fcckgesandt haben, je nachdem, welches der fr\u00fchere Zeitpunkt ist.<br \/>\nSie haben die Waren unverz\u00fcglich und in jedem Fall sp\u00e4testens binnen vierzehn Tagen ab dem Tag, an dem Sie uns \u00fcber den Widerruf dieses Vertrags unterrichten, an uns zur\u00fcckzusenden oder zu \u00fcbergeben. Die Frist ist gewahrt, wenn Sie die Waren vor Ablauf der Frist von vierzehn Tagen absenden. Sie tragen die unmittelbaren Kosten der R\u00fccksendung der Waren. Sie m\u00fcssen f\u00fcr einen etwaigen Wertverlust der Waren nur aufkommen, wenn dieser Wertverlust auf einen zur Pr\u00fcfung der Beschaffenheit, Eigenschaften und Funktionsweise der Waren nicht notwendigen Umgang mit ihnen zur\u00fcckzuf\u00fchren ist.<br \/>\n<\/span><\/p>\n<h3>Ende der Widerrufsbelehrung<\/h3>\n<div class=\"twoclick_social_bookmarks_post_16 social_share_privacy clearfix 1.6.4 locale-de_DE sprite-de_DE\"><\/div><div class=\"twoclick-js\"><script type=\"text\/javascript\">\/* <![CDATA[ *\/\njQuery(document).ready(function($){if($('.twoclick_social_bookmarks_post_16')){$('.twoclick_social_bookmarks_post_16').socialSharePrivacy({\"txt_help\":\"Wenn Sie diese Felder durch einen Klick aktivieren, werden Informationen an Facebook, Twitter, Flattr, Xing, t3n, LinkedIn, Pinterest oder Google eventuell ins Ausland \\u00fcbertragen und unter Umst\\u00e4nden auch dort gespeichert. N\\u00e4heres erfahren Sie durch einen Klick auf das <em>i<\\\/em>.\",\"settings_perma\":\"Dauerhaft aktivieren und Daten\\u00fcber-tragung zustimmen:\",\"info_link\":\"http:\\\/\\\/www.heise.de\\\/ct\\\/artikel\\\/2-Klicks-fuer-mehr-Datenschutz-1333879.html\",\"uri\":\"https:\\\/\\\/efweha-verlag.de\\\/wordpress\\\/agb\\\/\",\"post_id\":16,\"post_title_referrer_track\":\"AGB+%26%23038%3B+Widerrufsbelehrung\",\"display_infobox\":\"on\"});}});\n\/* ]]> *\/<\/script><\/div>","protected":false},"excerpt":{"rendered":"<p>Allgemeine Gesch\u00e4ftsbedingungen Versandkosten Bei Lieferungen ins Inland fallen ab einem Bestellwert von 5,&#8211; Euro keine Versandkosten an. Bei einem niedrigeren Bestellwert \u2013 mit Ausnahme des Versands von eBooks per E-Mail \u2013 betragen die Versandkosten 2,&#8211; Euro pro Bestellung. Die Versandkosten &hellip; <a href=\"https:\/\/efweha-verlag.de\/wordpress\/agb\/\">Weiterlesen <span class=\"meta-nav\">&rarr;<\/span><\/a><\/p>\n","protected":false},"author":1,"featured_media":0,"parent":0,"menu_order":95,"comment_status":"closed","ping_status":"closed","template":"","meta":{"footnotes":""},"class_list":["post-16","page","type-page","status-publish","hentry"],"_links":{"self":[{"href":"https:\/\/efweha-verlag.de\/wordpress\/wp-json\/wp\/v2\/pages\/16","targetHints":{"allow":["GET"]}}],"collection":[{"href":"https:\/\/efweha-verlag.de\/wordpress\/wp-json\/wp\/v2\/pages"}],"about":[{"href":"https:\/\/efweha-verlag.de\/wordpress\/wp-json\/wp\/v2\/types\/page"}],"author":[{"embeddable":true,"href":"https:\/\/efweha-verlag.de\/wordpress\/wp-json\/wp\/v2\/users\/1"}],"replies":[{"embeddable":true,"href":"https:\/\/efweha-verlag.de\/wordpress\/wp-json\/wp\/v2\/comments?post=16"}],"version-history":[{"count":13,"href":"https:\/\/efweha-verlag.de\/wordpress\/wp-json\/wp\/v2\/pages\/16\/revisions"}],"predecessor-version":[{"id":390,"href":"https:\/\/efweha-verlag.de\/wordpress\/wp-json\/wp\/v2\/pages\/16\/revisions\/390"}],"wp:attachment":[{"href":"https:\/\/efweha-verlag.de\/wordpress\/wp-json\/wp\/v2\/media?parent=16"}],"curies":[{"name":"wp","href":"https:\/\/api.w.org\/{rel}","templated":true}]}}