{"id":196,"date":"2016-06-14T21:42:32","date_gmt":"2016-06-14T19:42:32","guid":{"rendered":"https:\/\/efweha-verlag.de\/?page_id=196"},"modified":"2016-06-14T21:43:19","modified_gmt":"2016-06-14T19:43:19","slug":"sitemap","status":"publish","type":"page","link":"https:\/\/efweha-verlag.de\/wordpress\/sitemap\/","title":{"rendered":"Sitemap"},"content":{"rendered":"<p><code><div id=\"wp-realtime-sitemap-pages\"><h3>Seiten<\/h3><ul><li class=\"page_item page-item-26 page_item_has_children\"><a href=\"https:\/\/efweha-verlag.de\/wordpress\/\">Verlagsprogramm<\/a>\n<ul class='children'>\n\t<li class=\"page_item page-item-58 page_item_has_children\"><a href=\"https:\/\/efweha-verlag.de\/wordpress\/verlagsprogramm\/datenschutzwissen-praxiserpobt-fuer-unternehmen-gewerbetreibende-selbstaendige\/\">Datenschutzwissen &#8211; praxiserpobt &#8211; f\u00fcr Unternehmen, Gewerbetreibende &#038; Selbst\u00e4ndige<\/a>\n\t<ul class='children'>\n\t\t<li class=\"page_item page-item-107\"><a href=\"https:\/\/efweha-verlag.de\/wordpress\/verlagsprogramm\/datenschutzwissen-praxiserpobt-fuer-unternehmen-gewerbetreibende-selbstaendige\/bd-02-dsgvo-synopse-der-artikel-und-erwaegungsgruende\/\">Bd. 02 &#8211; DSGVO &#8211; Synopse der Artikel und Erw\u00e4gungsgr\u00fcnde<\/a><\/li>\n\t\t<li class=\"page_item page-item-102\"><a href=\"https:\/\/efweha-verlag.de\/wordpress\/verlagsprogramm\/datenschutzwissen-praxiserpobt-fuer-unternehmen-gewerbetreibende-selbstaendige\/bd-03-dsgvo-synopse-mit-gegenueberstellung-der-artikel-und-erwaegungsgruende-sowie-vergleichbarer-bdsg-regelungen\/\">Bd. 03 &#8211; DSGVO: Synopse mit Gegen\u00fcberstellung der Artikel und Erw\u00e4gungsgr\u00fcnde sowie vergleichbarer Regelungen des bis 24. Mai 2018 g\u00fcltigem Bundesdatenschutzgesetz (BDSG-alt)<\/a><\/li>\n\t\t<li class=\"page_item page-item-95\"><a href=\"https:\/\/efweha-verlag.de\/wordpress\/verlagsprogramm\/datenschutzwissen-praxiserpobt-fuer-unternehmen-gewerbetreibende-selbstaendige\/bd-20-beschaeftigtendatenschutz-im-fokus-der-rechtsprechung-des-bundesarbeitsgerichts-und-des-bundesverwaltungsgerichts\/\">Bd. 20 Besch\u00e4ftigtendatenschutz im Fokus der Rechtsprechung des Bundesarbeitsgerichts und des Bundesverwaltungsgerichts<\/a><\/li>\n\t\t<li class=\"page_item page-item-204\"><a href=\"https:\/\/efweha-verlag.de\/wordpress\/verlagsprogramm\/datenschutzwissen-praxiserpobt-fuer-unternehmen-gewerbetreibende-selbstaendige\/bd-4-1-dsgvo-synopse-mit-gegenueberstellung-der-artikel-und-erwaegungsgruende-sowie-entsprechenden-regelungen-des-neuen-bdsg\/\">Bd. 4.1 &#8211; Die Europ\u00e4ische Datenschutzgrundverordnung (DSGVO) und das neue Bundesdatenschutzgesetz (BDSG-neu)<\/a><\/li>\n\t\t<li class=\"page_item page-item-465\"><a href=\"https:\/\/efweha-verlag.de\/wordpress\/verlagsprogramm\/datenschutzwissen-praxiserpobt-fuer-unternehmen-gewerbetreibende-selbstaendige\/bd-50-das-cookie-urteil-des-eugh-vom-01-10-2019-stellungnahme-und-empfehlungen\/\">Bd. 50 &#8211; Das &#8222;Cookie-Urteil&#8220; des EuGH vom 01.10.2019 &#8211; Stellungnahme und Empfehlungen<\/a><\/li>\n\t<\/ul>\n<\/li>\n\t<li class=\"page_item page-item-62\"><a href=\"https:\/\/efweha-verlag.de\/wordpress\/verlagsprogramm\/datenschutzwissen-kompakt-datenschutzwissen-praxiserpobt-fuer-betriebsraete\/\">Datenschutzwissen kompakt &#8211; Datenschutzwissen &#8211; praxiserpobt &#8211; f\u00fcr Betriebsr\u00e4te<\/a><\/li>\n<\/ul>\n<\/li>\n<li class=\"page_item page-item-48 page_item_has_children\"><a href=\"https:\/\/efweha-verlag.de\/wordpress\/autor_innen\/\">AutorInnen<\/a>\n<ul class='children'>\n\t<li class=\"page_item page-item-51\"><a href=\"https:\/\/efweha-verlag.de\/wordpress\/autor_innen\/professor-franz-josef-duewell\/\">Professor Franz Josef D\u00fcwell<\/a><\/li>\n\t<li class=\"page_item page-item-117\"><a href=\"https:\/\/efweha-verlag.de\/wordpress\/autor_innen\/werner-huelsmann-datenschutzsachverstaendiger\/\">Werner H\u00fclsmann, Datenschutzsachverst\u00e4ndiger<\/a><\/li>\n<\/ul>\n<\/li>\n<li class=\"page_item page-item-13\"><a href=\"https:\/\/efweha-verlag.de\/wordpress\/kontakt\/\">Kontakt<\/a><\/li>\n<li class=\"page_item page-item-8\"><a href=\"https:\/\/efweha-verlag.de\/wordpress\/impressum\/\">Impressum<\/a><\/li>\n<li class=\"page_item page-item-35\"><a href=\"https:\/\/efweha-verlag.de\/wordpress\/datenschutz\/\">Datenschutzerkl\u00e4rung<\/a><\/li>\n<li class=\"page_item page-item-45\"><a href=\"https:\/\/efweha-verlag.de\/wordpress\/bestellung\/\">Bestellung<\/a><\/li>\n<li class=\"page_item page-item-16 page_item_has_children\"><a href=\"https:\/\/efweha-verlag.de\/wordpress\/agb\/\">AGB &#038; Widerrufsbelehrung<\/a>\n<ul class='children'>\n\t<li class=\"page_item page-item-297\"><a href=\"https:\/\/efweha-verlag.de\/wordpress\/agb\/hinweise-fuer-seminaranbieter-und-bildungseinrichtungen\/\">Hinweise f\u00fcr Seminaranbieter und Bildungseinrichtungen<\/a><\/li>\n\t<li class=\"page_item page-item-22\"><a href=\"https:\/\/efweha-verlag.de\/wordpress\/agb\/fuer-den-buchhandel\/\">AGB und Hinweise f\u00fcr den Buchhandel<\/a><\/li>\n<\/ul>\n<\/li>\n<li class=\"page_item page-item-196\"><a href=\"https:\/\/efweha-verlag.de\/wordpress\/sitemap\/\">Sitemap<\/a><\/li>\n<\/ul><\/div><div id=\"wp-realtime-sitemap-posts\"><h3>Beitr\u00e4ge<\/h3><ul><li><a href=\"https:\/\/efweha-verlag.de\/wordpress\/aenderungen-der-dsgvo-in-synopsen-eingearbeitet\/\" title=\"Permalink zu \u00c4nderungen der DSGVO in Synopsen eingearbeitet\" rel=\"bookmark\">\u00c4nderungen der DSGVO in Synopsen eingearbeitet<\/a><\/li><li><a href=\"https:\/\/efweha-verlag.de\/wordpress\/bdsg-aenderung-2019-in-synopse-eingearbeitet\/\" title=\"Permalink zu BDSG-\u00c4nderung 2019 in Synopse eingearbeitet\" rel=\"bookmark\">BDSG-\u00c4nderung 2019 in Synopse eingearbeitet<\/a><\/li><li><a href=\"https:\/\/efweha-verlag.de\/wordpress\/neuerscheinung-das-cookie-urteil-des-eugh-vom-01-10-2019-stellungnahme-und-empfehlungen\/\" title=\"Permalink zu Neuerscheinung: Das &#8222;Cookie-Urteil&#8220; des EuGH vom 01.10.2019 &#8211; Stellungnahme und Empfehlungen\" rel=\"bookmark\">Neuerscheinung: Das &#8222;Cookie-Urteil&#8220; des EuGH vom 01.10.2019 &#8211; Stellungnahme und Empfehlungen<\/a><\/li><li><a href=\"https:\/\/efweha-verlag.de\/wordpress\/amazon-verkaeuferkonto-geloescht\/\" title=\"Permalink zu Amazon-Verk\u00e4uferkonto gel\u00f6scht\" rel=\"bookmark\">Amazon-Verk\u00e4uferkonto gel\u00f6scht<\/a><\/li><li><a href=\"https:\/\/efweha-verlag.de\/wordpress\/telekommunikation-telemedien-datenschutzgesetz-ttdsg-gegenueberstellung-zum-tkg-und-zum-tmg\/\" title=\"Permalink zu Telekommunikation-Telemedien-Datenschutzgesetz (TTDSG) &#8211; Gegen\u00fcberstellung zum TKG und zum TMG\" rel=\"bookmark\">Telekommunikation-Telemedien-Datenschutzgesetz (TTDSG) &#8211; Gegen\u00fcberstellung zum TKG und zum TMG<\/a><\/li><li><a href=\"https:\/\/efweha-verlag.de\/wordpress\/eu-digitaler-omnibus-synopse-mit-geplanten-aenderungen-erstellt\/\" title=\"Permalink zu EU-Digitaler Omnibus &#8211; Synopse mit geplanten \u00c4nderungen erstellt.\" rel=\"bookmark\">EU-Digitaler Omnibus &#8211; Synopse mit geplanten \u00c4nderungen erstellt.<\/a><\/li><\/ul><\/div><p align=\"center\">Sitemap created with <a href=\"http:\/\/goo.gl\/ri9xU\" title=\"WP Realtime Sitemap\">WP Realtime Sitemap<\/a>.<\/p><\/code><\/p>\n<div class=\"twoclick_social_bookmarks_post_536 social_share_privacy clearfix 1.6.4 locale-de_DE sprite-de_DE\"><\/div><div class=\"twoclick-js\"><script type=\"text\/javascript\">\/* <![CDATA[ *\/\njQuery(document).ready(function($){if($('.twoclick_social_bookmarks_post_536')){$('.twoclick_social_bookmarks_post_536').socialSharePrivacy({\"txt_help\":\"Wenn Sie diese Felder durch einen Klick aktivieren, werden Informationen an Facebook, Twitter, Flattr, Xing, t3n, LinkedIn, Pinterest oder Google eventuell ins Ausland \\u00fcbertragen und unter Umst\\u00e4nden auch dort gespeichert. N\\u00e4heres erfahren Sie durch einen Klick auf das <em>i<\\\/em>.\",\"settings_perma\":\"Dauerhaft aktivieren und Daten\\u00fcber-tragung zustimmen:\",\"info_link\":\"http:\\\/\\\/www.heise.de\\\/ct\\\/artikel\\\/2-Klicks-fuer-mehr-Datenschutz-1333879.html\",\"uri\":\"https:\\\/\\\/efweha-verlag.de\\\/wordpress\\\/eu-digitaler-omnibus-synopse-mit-geplanten-aenderungen-erstellt\\\/\",\"post_id\":536,\"post_title_referrer_track\":\"EU-Digitaler+Omnibus+%26%238211%3B+Synopse+mit+geplanten+%C3%84nderungen+erstellt.\",\"display_infobox\":\"on\"});}});\n\/* ]]> *\/<\/script><\/div>","protected":false},"excerpt":{"rendered":"","protected":false},"author":1,"featured_media":0,"parent":0,"menu_order":100,"comment_status":"closed","ping_status":"closed","template":"","meta":{"footnotes":""},"class_list":["post-196","page","type-page","status-publish","hentry"],"_links":{"self":[{"href":"https:\/\/efweha-verlag.de\/wordpress\/wp-json\/wp\/v2\/pages\/196","targetHints":{"allow":["GET"]}}],"collection":[{"href":"https:\/\/efweha-verlag.de\/wordpress\/wp-json\/wp\/v2\/pages"}],"about":[{"href":"https:\/\/efweha-verlag.de\/wordpress\/wp-json\/wp\/v2\/types\/page"}],"author":[{"embeddable":true,"href":"https:\/\/efweha-verlag.de\/wordpress\/wp-json\/wp\/v2\/users\/1"}],"replies":[{"embeddable":true,"href":"https:\/\/efweha-verlag.de\/wordpress\/wp-json\/wp\/v2\/comments?post=196"}],"version-history":[{"count":2,"href":"https:\/\/efweha-verlag.de\/wordpress\/wp-json\/wp\/v2\/pages\/196\/revisions"}],"predecessor-version":[{"id":199,"href":"https:\/\/efweha-verlag.de\/wordpress\/wp-json\/wp\/v2\/pages\/196\/revisions\/199"}],"wp:attachment":[{"href":"https:\/\/efweha-verlag.de\/wordpress\/wp-json\/wp\/v2\/media?parent=196"}],"curies":[{"name":"wp","href":"https:\/\/api.w.org\/{rel}","templated":true}]}}