{"id":204,"date":"2017-05-29T23:21:55","date_gmt":"2017-05-29T21:21:55","guid":{"rendered":"https:\/\/efweha-verlag.de\/?page_id=204"},"modified":"2024-10-17T19:15:26","modified_gmt":"2024-10-17T17:15:26","slug":"bd-4-1-dsgvo-synopse-mit-gegenueberstellung-der-artikel-und-erwaegungsgruende-sowie-entsprechenden-regelungen-des-neuen-bdsg","status":"publish","type":"page","link":"https:\/\/efweha-verlag.de\/wordpress\/verlagsprogramm\/datenschutzwissen-praxiserpobt-fuer-unternehmen-gewerbetreibende-selbstaendige\/bd-4-1-dsgvo-synopse-mit-gegenueberstellung-der-artikel-und-erwaegungsgruende-sowie-entsprechenden-regelungen-des-neuen-bdsg\/","title":{"rendered":"Bd. 4.1 &#8211; Die Europ\u00e4ische Datenschutzgrundverordnung (DSGVO) und das neue Bundesdatenschutzgesetz (BDSG-neu)"},"content":{"rendered":"<p><a href=\"http:\/\/efweha-verlag.de\/autor_innen\/werner-huelsmann-datenschutzsachverstaendiger\/\">Werner H\u00fclsmann<\/a>, Datenschutzsachverst\u00e4ndiger:<\/p>\n<h2>Die Europ\u00e4ische Datenschutzgrundverordnung und das neue Bundesdatenschutzgesetz<\/h2>\n<h3><a href=\"https:\/\/efweha-verlag.de\/wordpress\/wp-content\/uploads\/2017\/07\/Synopse.jpg\" target=\"_blank\" rel=\"noopener noreferrer\"><img loading=\"lazy\" decoding=\"async\" class=\"alignright size-medium wp-image-361\" src=\"https:\/\/efweha-verlag.de\/wordpress\/wp-content\/uploads\/2017\/07\/Synopse-300x214.jpg\" alt=\"\" width=\"300\" height=\"214\" srcset=\"https:\/\/efweha-verlag.de\/wordpress\/wp-content\/uploads\/2017\/07\/Synopse-300x214.jpg 300w, https:\/\/efweha-verlag.de\/wordpress\/wp-content\/uploads\/2017\/07\/Synopse-768x547.jpg 768w, https:\/\/efweha-verlag.de\/wordpress\/wp-content\/uploads\/2017\/07\/Synopse-1024x729.jpg 1024w\" sizes=\"auto, (max-width: 300px) 100vw, 300px\" \/><\/a>Eine Synopse der Artikel und der Erw\u00e4gungsgr\u00fcnde der EU-Datenschutzgrundverordnung (DSGVO) mit den entsprechenden Paragraphen des ab dem 25. Mai 2018 geltendem Bundesdatenschutzgesetz (BDSG) in der Fassung des\u00a0<a href=\"https:\/\/efweha-verlag.de\/impressum\/\"><img loading=\"lazy\" decoding=\"async\" class=\"size-full wp-image-74 alignnone\" src=\"https:\/\/efweha-verlag.de\/wordpress\/wp-content\/uploads\/2016\/05\/efweha-verlag-externer-link.gif\" alt=\"Externer Link\" width=\"15\" height=\"12\" \/><\/a><a href=\"https:\/\/dsgvo.expert\/newsletter\/bisher-erschienene-newsletter\/?email_id=22\" target=\"_blank\" rel=\"noopener noreferrer\">2. DSAnpUG-EU<\/a> (das vom Bundestag am 27. Juni 2019 und vom Bundesrat am 20. September 2019 beschlossen wurde).<\/h3>\n<h3><strong>Link zum kostenlosen (selbst ausdruckbaren) <a href=\"https:\/\/efweha-verlag.de\/wordpress\/wp-content\/uploads\/2019\/09\/Bd_41_2019-DSGVO-Synopse-Artikel-EWG-BDSG-druckbar-mit_Index.pdf\" target=\"_blank\" rel=\"noopener noreferrer\">eBook<\/a> als PDF-Datei: <a href=\"https:\/\/efweha-verlag.de\/wordpress\/wp-content\/uploads\/2019\/09\/Bd_41_2019-DSGVO-Synopse-Artikel-EWG-BDSG-druckbar-mit_Index.pdf\" target=\"_blank\" rel=\"noopener noreferrer\">https:\/\/efweha-verlag.de\/Bd41-2019<\/a><\/strong><\/h3>\n<h3>In dieser <strong>aktualisierten Synopse (3. Auflage September 2019)<\/strong> der ab 25. Mai 2018 geltenden EU-Datenschutzgrundverordnung (DSGVO) sind zu den Artikeln der DS-GVO soweit wie m\u00f6glich die korrespondierenden Erw\u00e4gungsgr\u00fcnde der DSGVO und die vergleichbaren Regelungen aus dem ebenfalls <strong>ab dem 25. Mai 2018 geltenden neuen Bundesdatenschutzgesetz<\/strong> (BDSG) gegen\u00fcbergestellt. Auch wurde f\u00fcr die DSGVO ein (nicht-amtliches) Inhaltsverzeichnis hinzugef\u00fcgt und Satznummern f\u00fcr die Artikel und Erw\u00e4gungsgr\u00fcnde der DSGVO und die Paragraphen des BDSG eingef\u00fcgt und ein Stichwortverzeichnis angef\u00fcgt. Die Ende April 2018 erfolgte Korrektur der DSGVO wurde bereits in der zweiten Auflage eingearbeitet. Die \u00c4nderungen des BDSG durch Art. 12 des <a href=\"https:\/\/efweha-verlag.de\/impressum\/\"><img loading=\"lazy\" decoding=\"async\" class=\"size-full wp-image-74 alignnone\" src=\"https:\/\/efweha-verlag.de\/wordpress\/wp-content\/uploads\/2016\/05\/efweha-verlag-externer-link.gif\" alt=\"Externer Link\" width=\"15\" height=\"12\" \/><\/a><a href=\"https:\/\/dsgvo.expert\/newsletter\/bisher-erschienene-newsletter\/?email_id=22\" target=\"_blank\" rel=\"noopener noreferrer\">2. DSAnpUG-EU<\/a>\u00a0wurden in dieser 3. Auflage eingearbeitet.<\/h3>\n<h3><a href=\"https:\/\/efweha-verlag.de\/wordpress\/wp-content\/uploads\/2017\/05\/Innenseite_4_1.png\" target=\"_blank\" rel=\"noopener noreferrer\"><img loading=\"lazy\" decoding=\"async\" class=\"alignleft wp-image-339 size-medium\" src=\"https:\/\/efweha-verlag.de\/wordpress\/wp-content\/uploads\/2017\/05\/Innenseite_4_1-300x216.png\" alt=\"Abbildung einer Innenseite\" width=\"300\" height=\"216\" srcset=\"https:\/\/efweha-verlag.de\/wordpress\/wp-content\/uploads\/2017\/05\/Innenseite_4_1-300x216.png 300w, https:\/\/efweha-verlag.de\/wordpress\/wp-content\/uploads\/2017\/05\/Innenseite_4_1-768x553.png 768w, https:\/\/efweha-verlag.de\/wordpress\/wp-content\/uploads\/2017\/05\/Innenseite_4_1-1024x737.png 1024w, https:\/\/efweha-verlag.de\/wordpress\/wp-content\/uploads\/2017\/05\/Innenseite_4_1.png 1199w\" sizes=\"auto, (max-width: 300px) 100vw, 300px\" \/><\/a><strong>Damit ist diese Synopse ein unverzichtbares Hilfsmittel f\u00fcr Datenschutzbeauftragte, Datenschutzverantwortliche, Betriebs- und Personalr\u00e4te, DatenschutzjuristInnen sowie alle am Datenschutz Interessierten.<\/strong><\/h3>\n<p style=\"text-align: center;\"><strong>Es gibt diese Synopse ausschlie\u00dflich als kostenloses druckbares<a href=\"https:\/\/efweha-verlag.de\/wordpress\/wp-content\/uploads\/2019\/09\/Bd_41_2019-DSGVO-Synopse-Artikel-EWG-BDSG-druckbar-mit_Index.pdf\" target=\"_blank\" rel=\"noopener noreferrer\"> eBook<\/a><br \/>\n(als PDF-Datei \u00fcber <a href=\"https:\/\/efweha-verlag.de\/wordpress\/wp-content\/uploads\/2019\/09\/Bd_41_2019-DSGVO-Synopse-Artikel-EWG-BDSG-druckbar-mit_Index.pdf\" target=\"_blank\" rel=\"noopener noreferrer\">https:\/\/efweha-verlag.de\/Bd41-2019<\/a>). <\/strong><\/p>\n<p><strong>Historie:<\/strong><\/p>\n<ul>\n<li><strong>Der Link zum kostenlosen (selbst ausdruckbaren) eBook (PDF-Datei, DINA4 Querformat, 228 Seiten) der 2. \u00fcberarbeiteten Auflage (Stand Mai 2018) ist hier: <a href=\"https:\/\/efweha-verlag.de\/wordpress\/wp-content\/uploads\/2018\/05\/Bd_41_2018-DSGVO-Synopse-Artikel-EWG-BDSG-neu-druck-mit_index.pdf\" target=\"_blank\" rel=\"noopener noreferrer\">https:\/\/efweha-verlag.de\/Bd41-2018<\/a>.\u00a0<\/strong><\/li>\n<li><strong>Die gedruckte Ausgabe der ersten Auflage zum Preis von 19,80 \u20ac ist bereits lange vergriffen und wird auch nicht wieder aufgelegt. <\/strong>Dieser Preis beinhaltete die gesetzliche MWSt. und den Versand per B\u00fcchersendung oder bei gr\u00f6\u00dferen Mengen als Paket im Inland. Die Synopse wurde im DIN-A5-Querformat mit Sprialbindung gedruckt, so dass sie auch aufgebl\u00e4ttert noch gut auf den Schreibtisch passt. Sie hat 256 Seiten.<\/li>\n<\/ul>\n<p><a href=\"https:\/\/efweha-verlag.de\/wordpress\/wp-content\/uploads\/2017\/07\/Synopsen.jpg\" target=\"_blank\" rel=\"noopener noreferrer\"><img loading=\"lazy\" decoding=\"async\" class=\"alignright size-large wp-image-362\" src=\"https:\/\/efweha-verlag.de\/wordpress\/wp-content\/uploads\/2017\/07\/Synopsen-1024x734.jpg\" alt=\"\" width=\"640\" height=\"459\" srcset=\"https:\/\/efweha-verlag.de\/wordpress\/wp-content\/uploads\/2017\/07\/Synopsen-1024x734.jpg 1024w, https:\/\/efweha-verlag.de\/wordpress\/wp-content\/uploads\/2017\/07\/Synopsen-300x215.jpg 300w, https:\/\/efweha-verlag.de\/wordpress\/wp-content\/uploads\/2017\/07\/Synopsen-768x551.jpg 768w\" sizes=\"auto, (max-width: 640px) 100vw, 640px\" \/><\/a><\/p>\n<div class=\"twoclick_social_bookmarks_post_204 social_share_privacy clearfix 1.6.4 locale-de_DE sprite-de_DE\"><\/div><div class=\"twoclick-js\"><script type=\"text\/javascript\">\/* <![CDATA[ *\/\njQuery(document).ready(function($){if($('.twoclick_social_bookmarks_post_204')){$('.twoclick_social_bookmarks_post_204').socialSharePrivacy({\"txt_help\":\"Wenn Sie diese Felder durch einen Klick aktivieren, werden Informationen an Facebook, Twitter, Flattr, Xing, t3n, LinkedIn, Pinterest oder Google eventuell ins Ausland \\u00fcbertragen und unter Umst\\u00e4nden auch dort gespeichert. N\\u00e4heres erfahren Sie durch einen Klick auf das <em>i<\\\/em>.\",\"settings_perma\":\"Dauerhaft aktivieren und Daten\\u00fcber-tragung zustimmen:\",\"info_link\":\"http:\\\/\\\/www.heise.de\\\/ct\\\/artikel\\\/2-Klicks-fuer-mehr-Datenschutz-1333879.html\",\"uri\":\"https:\\\/\\\/efweha-verlag.de\\\/wordpress\\\/verlagsprogramm\\\/datenschutzwissen-praxiserpobt-fuer-unternehmen-gewerbetreibende-selbstaendige\\\/bd-4-1-dsgvo-synopse-mit-gegenueberstellung-der-artikel-und-erwaegungsgruende-sowie-entsprechenden-regelungen-des-neuen-bdsg\\\/\",\"post_id\":204,\"post_title_referrer_track\":\"Bd.+4.1+%26%238211%3B+Die+Europ%C3%A4ische+Datenschutzgrundverordnung+%28DSGVO%29+und+das+neue+Bundesdatenschutzgesetz+%28BDSG-neu%29\",\"display_infobox\":\"on\"});}});\n\/* ]]> *\/<\/script><\/div>","protected":false},"excerpt":{"rendered":"<p>Werner H\u00fclsmann, Datenschutzsachverst\u00e4ndiger: Die Europ\u00e4ische Datenschutzgrundverordnung und das neue Bundesdatenschutzgesetz Eine Synopse der Artikel und der Erw\u00e4gungsgr\u00fcnde der EU-Datenschutzgrundverordnung (DSGVO) mit den entsprechenden Paragraphen des ab dem 25. Mai 2018 geltendem Bundesdatenschutzgesetz (BDSG) in der Fassung des\u00a02. DSAnpUG-EU (das vom &hellip; <a href=\"https:\/\/efweha-verlag.de\/wordpress\/verlagsprogramm\/datenschutzwissen-praxiserpobt-fuer-unternehmen-gewerbetreibende-selbstaendige\/bd-4-1-dsgvo-synopse-mit-gegenueberstellung-der-artikel-und-erwaegungsgruende-sowie-entsprechenden-regelungen-des-neuen-bdsg\/\">Weiterlesen <span class=\"meta-nav\">&rarr;<\/span><\/a><\/p>\n","protected":false},"author":1,"featured_media":0,"parent":58,"menu_order":41,"comment_status":"closed","ping_status":"closed","template":"","meta":{"footnotes":""},"class_list":["post-204","page","type-page","status-publish","hentry"],"_links":{"self":[{"href":"https:\/\/efweha-verlag.de\/wordpress\/wp-json\/wp\/v2\/pages\/204","targetHints":{"allow":["GET"]}}],"collection":[{"href":"https:\/\/efweha-verlag.de\/wordpress\/wp-json\/wp\/v2\/pages"}],"about":[{"href":"https:\/\/efweha-verlag.de\/wordpress\/wp-json\/wp\/v2\/types\/page"}],"author":[{"embeddable":true,"href":"https:\/\/efweha-verlag.de\/wordpress\/wp-json\/wp\/v2\/users\/1"}],"replies":[{"embeddable":true,"href":"https:\/\/efweha-verlag.de\/wordpress\/wp-json\/wp\/v2\/comments?post=204"}],"version-history":[{"count":90,"href":"https:\/\/efweha-verlag.de\/wordpress\/wp-json\/wp\/v2\/pages\/204\/revisions"}],"predecessor-version":[{"id":530,"href":"https:\/\/efweha-verlag.de\/wordpress\/wp-json\/wp\/v2\/pages\/204\/revisions\/530"}],"up":[{"embeddable":true,"href":"https:\/\/efweha-verlag.de\/wordpress\/wp-json\/wp\/v2\/pages\/58"}],"wp:attachment":[{"href":"https:\/\/efweha-verlag.de\/wordpress\/wp-json\/wp\/v2\/media?parent=204"}],"curies":[{"name":"wp","href":"https:\/\/api.w.org\/{rel}","templated":true}]}}