{"id":22,"date":"2016-05-23T20:35:58","date_gmt":"2016-05-23T20:35:58","guid":{"rendered":"https:\/\/efweha-verlag.de\/wordpress\/?page_id=22"},"modified":"2017-10-09T20:11:53","modified_gmt":"2017-10-09T18:11:53","slug":"fuer-den-buchhandel","status":"publish","type":"page","link":"https:\/\/efweha-verlag.de\/wordpress\/agb\/fuer-den-buchhandel\/","title":{"rendered":"AGB und Hinweise f\u00fcr den Buchhandel"},"content":{"rendered":"<p><strong>Die AGB f\u00fcr den Buchhandel (inkl. Liefer- und Zahlungsbedingungen) finden Sie weiter unten und k\u00f6nnen Sie <a href=\"https:\/\/efweha-verlag.de\/wordpress\/wp-content\/uploads\/2017\/10\/2017-08-AGB-Buchhandel-EfWeHa-Verlag.pdf\" target=\"_blank\" rel=\"noopener\">hier als PDF-Datei<\/a> herunterladen:<br \/>\n<a href=\"https:\/\/efweha-verlag.de\/wordpress\/wp-content\/uploads\/2017\/10\/2017-08-AGB-Buchhandel-EfWeHa-Verlag.pdf\" target=\"_blank\" rel=\"noopener\">2017-08-AGB-Buchhandel-EfWeHa-Verlag.pdf<\/a><br \/>\n<\/strong><\/p>\n<h2>Elektronische Bestellung \u00fc<a class=\"x97\" href=\"http:\/\/www.mvb-online.de\/goto\/ibu\" target=\"_blank\" rel=\"noopener noreferrer\"><img decoding=\"async\" class=\"alignleft\" title=\"Klicken Sie hier, um mehr zu erfahren\" src=\"http:\/\/mvb-online.de\/files\/ibu_signet.png\" border=\"0\" \/><\/a>ber <a href=\"https:\/\/efweha-verlag.de\/wordpress\/impressum\/\"><img loading=\"lazy\" decoding=\"async\" class=\"alignnone size-full wp-image-74\" src=\"https:\/\/efweha-verlag.de\/wordpress\/wp-content\/uploads\/2016\/05\/efweha-verlag-externer-link.gif\" alt=\"efweha-verlag-externer-link\" width=\"15\" height=\"12\" \/><\/a><a class=\"x97\" href=\"http:\/\/www.ibu-service.de\" target=\"_blank\" rel=\"noopener noreferrer\">www.ibu-service.de<\/a><\/h2>\n<p class=\"x97\"><span style=\"font-size: medium;\">Wir bieten dem Buchhandel \u00fcber den <\/span><a class=\"x97\" href=\"http:\/\/www.ibu-service.de\/\" target=\"_blank\" rel=\"noopener noreferrer\"><span style=\"font-size: medium;\">www.ibu-service.de<\/span><\/a><span style=\"font-size: medium;\">\u00a0die M\u00f6glichkeit, unsere <strong>gedruckten<\/strong> Verlagsprodukte auch elektronisch zu bestellen.<\/span><\/p>\n<h2 class=\"h2x97\">\u00a0Weitere Bestellm\u00f6glichkeiten<\/h2>\n<ul>\n<li><span style=\"font-size: medium;\">Selbstverst\u00e4ndlich k\u00f6nnen Sie auch unser <\/span><a class=\"x97\" href=\"https:\/\/efweha-verlag.de\/wordpress\/wp-content\/uploads\/2017\/06\/Bestellformular-2017-06.pdf\" target=\"_blank\" rel=\"noopener noreferrer\"><span style=\"font-size: medium;\"><strong>Fax-Formular<\/strong><\/span><\/a><span style=\"font-size: medium;\"> verwenden oder \u00fcber Ihren\u00a0Bestelldienstleister bestellen.<\/span><\/li>\n<li><span style=\"font-size: medium;\">Mit diesem Links k\u00f6nnen Sie einfach per<strong> E-Mail<\/strong> bestellen:<\/span>\n<ul>\n<li><span style=\"font-size: medium;\"> <strong><a class=\"x97\" href=\"mailto:bestellung@efweha-verlag.de?subject=Bestellung%20Bd.%2020%20Beschaeftigtendatenschutz&amp;body=Hiermit%20bestelle%20ich%20verbindlich%20ein%20Exemplar%20des%20Buches%20Beschaeftigtendatenschutz%20im%20Fokus%20der%20Rechtsprechung%20des%20Bundesarbeitsgerichts%20und%20des%20Bundesverwaltungsgerichts,%20ISBN:%20978-3-95546-020-4,%20zum%20Preis%20von%209,80%20EUR%20inkl.%20MWSt.%20und%20Versandkosten%20im%20Inland.%20Meine%20Anschrift%20lautet:\">Bestellung Band 20 (Besch\u00e4ftigtendatenschutz im Fokus der Rechtsprechung) per E-Mail<\/a> <\/strong> (\u00f6ffnet sich in Ihrem E-Mail-Programm)<\/span><\/li>\n<li><strong><a href=\"mailto:bestellung@efweha-verlag.de?subject=Bestellung%20Bd.%204.1%20DSGVO-Synopse-Artikel-EWG-BDSG-neu&amp;body=Hiermit%20bestelle%20ich%20verbindlich%20ein%20Exemplar%20des%20Buches%20Die%20Europaeische%20%20Datenschutzgrundverordnung%20-%20DS-GVO-Synopse%20Artikel,%20Erwaegungsgruende%20%20und%20BDSG-neu,%20ISBN:%20978-3-95546-041-9,%20zum%20Preis%20von%2019,80%20EUR%20inkl.%20MWSt.%20und%20Versand%20als%20Buechersendung%20im%20Inland.%20Meine%20Rechnungs-\/Lieferanschrift%20lautet:\">Bestellung Band 4.1 (DSGVO-Synopse, Artikel, Erw\u00e4gungsgr\u00fcnde und \u00a7\u00a7 des BDSG-neu per E-Mail<\/a> <\/strong>(\u00f6ffnet sich in Ihrem E-Mail-Programm)<\/li>\n<\/ul>\n<\/li>\n<\/ul>\n<h2 class=\"h2x97\">Buchhandelsrabatt<\/h2>\n<p class=\"x97\"><span style=\"font-size: medium;\">Der <strong>Buchhandelsrabatt<\/strong> betr\u00e4gt grunds\u00e4tzlich 25 % mit folgenden <\/span><span style=\"font-size: medium;\"><strong>Ausnahmen<\/strong>: <\/span><\/p>\n<ul>\n<li class=\"x97\"><span style=\"font-size: medium;\">Auf <strong>eBooks<\/strong> wird <strong>kein<\/strong> Rabatt gew\u00e4hrt,<\/span><\/li>\n<li>F\u00fcr <strong>B\u00fccher zum Subskriptionspreis<\/strong> wird folgender Buchhandelsrabatt gew\u00e4hrt:<br \/>\nBei Bestellungen<\/p>\n<ul>\n<li>ab drei Exemplaren mit gleicher Rechnungs- und Lieferanschrift: 10 %,<\/li>\n<li>ab f\u00fcnf Exemplaren mit gleicher Rechnungs- und Lieferanschrift: 15 %.<\/li>\n<\/ul>\n<\/li>\n<\/ul>\n<p><span style=\"font-size: medium;\">Die <strong>Versandkosten\u00a0<\/strong> f\u00fcr den Versand der B\u00fccher <strong>im Inland<\/strong> als B\u00fcchersendung (oder DHL-Paket) tr\u00e4gt der Verlag. Sollten Sie einen schnelleren Versand w\u00fcnschen, vermerken Sie dies\u00a0bitte auf der Bestellung (z.B. &#8222;Versand per Brief&#8220; oder &#8222;Eilversand&#8220;). In diesem Fall versenden wir\u00a0die B\u00fccher als Brief und stellen die\u00a0zus\u00e4tzlichen Portokosten in\u00a0Rechnung. Dieser Portoaufpreis\u00a0betr\u00e4gt derzeit\u00a0bis zu 1,00 Euro pro Exemplar. Sollen Rechnung und B\u00fccher an verschiedene Anschriften gesandt werden, werden die Mehrkosten (max. 1,&#8211; \u20ac f\u00fcr Rechnungsadressen im Inland) in Rechnung gestellt.<br \/>\n<\/span><\/p>\n<h2>Allgemeine Gesch\u00e4ftsbedingungen f\u00fcr den <strong>Buchhandel <\/strong><\/h2>\n<p><strong>1. Geltungsbereich<\/strong><br \/>\n1.1 Diese Allgemeinen Gesch\u00e4ftsbedingungen f\u00fcr den Buchhandel (AGB-BuHa) gelten f\u00fcr s\u00e4mtliche direkten Lieferungen des Verlages an Buchhandlungen und andere Unternehmen in der zum Zeitpunkt der Bestellung g\u00fcltigen Fassung.<br \/>\n1.2 Buchhandlungen im Sinne dieser AGB-BuHa sind Unternehmer, die B\u00fccher gewerblich verkaufen. Unternehmer sind gem\u00e4\u00df \u00a7 14 BGB alle nat\u00fcrlichen oder juristischen Personen oder Personenvereinigungen, die bei Abschluss ihres Gesch\u00e4ftes mit dem Verlag in Aus\u00fcbung ihrer gewerblichen oder selbst\u00e4ndigen beruflichen T\u00e4tigkeit handeln.<br \/>\n1.3 Abweichende AGB der Buchhandlung oder des Unternehmens werden durch den Verlag nicht anerkannt, es sei denn, der Verlag stimmt abweichenden Bestimmungen ausdr\u00fccklich und schriftlich zu.<\/p>\n<p><strong>2. Vertragsabschluss<\/strong><br \/>\nDie Pr\u00e4sentation der Produkte auf der Verlagshomepage, in Katalogen oder anderen Werbemitteln stellt kein Angebot im rechtlichen Sinne dar, sondern dient der Aufforderung zur Abgabe eines Angebotes durch den Kunden. Die Abgabe des Angebotes durch den Kunden erfolgt durch Bestellung per E-Mail, Fax, Telefon oder Brief. Mit dem Versenden der Ware nimmt der Verlag das Angebot an.<\/p>\n<p><strong>3. Eigentumsvorbehalt<\/strong><br \/>\n3.1 Bis zur vollst\u00e4ndigen Erf\u00fcllung der Kaufpreisforderung durch den Kunden verbleibt die gelieferte Ware im Eigentum des Verlags.<br \/>\n3.2 Ist der Kunde Unternehmer, bleibt die gelieferte Ware im Eigentum des Vertragspartners, solange nicht s\u00e4mtliche aus der Gesch\u00e4ftsbeziehung mit dem Verlag stammenden Zahlungsverpflichtungen erf\u00fcllt sind. Im Falle der Ver\u00e4u\u00dferung der Ware durch den Kunden des Verlages tritt die somit entstehende Forderung an die Stelle der Ware. Zur Sicherung seiner Forderung ist diese im Voraus an den Verlag abzutreten.<\/p>\n<p><strong>4. Aufrechnung, Zur\u00fcckbehaltung<\/strong><br \/>\nEin Recht zur Aufrechnung oder Minderung steht dem Kunden nur zu, wenn seine Gegenanspr\u00fcche rechtskr\u00e4ftig festgestellt oder vom Verlag anerkannt sind. Au\u00dferdem ist er zur Aus\u00fcbung eines Zur\u00fcckbehaltungsrechts nur insoweit befugt, als sein Gegenanspruch auf demselben Vertragsverh\u00e4ltnis beruht.<\/p>\n<p><strong>5. Preise<\/strong><br \/>\nDie angegebenen Preise sind Endpreise in Euro. Sie enthalten die jeweils g\u00fcltige gesetzliche Mehrwertsteuer.<\/p>\n<p><strong>6. Vorbehalt der Nichtverf\u00fcgbarkeit<\/strong><br \/>\n6.1 Der Verlag beh\u00e4lt sich vor, von einer Ausf\u00fchrung der Bestellung abzusehen, wenn der bestellte Titel nicht vorr\u00e4tig ist, der nicht vorr\u00e4tige Titel vergriffen und die bestellte Ware infolgedessen nicht verf\u00fcgbar ist. In diesem Fall wird der Verlag den Kunden unverz\u00fcglich \u00fcber die Nichtverf\u00fcgbarkeit informieren und einen gegebenenfalls von ihm bereits gezahlten Kaufpreis unverz\u00fcglich r\u00fcckerstatten.<br \/>\n6.2 Der Verlag liefert die jeweils aktuelle Auflage eines Titels, es sei denn, der Kunde dr\u00fcckt bei der Bestellung seinen Wunsch hinsichtlich der Auflage ausdr\u00fccklich aus. Ist ein bestelltes Produkt nicht mehr lieferbar, so bietet der Verlag im Falle einer geplanten Neuauflage an, die Bestellung als Vormerkung aufzunehmen. Gleiches gilt bei noch nicht erschienenen Novit\u00e4ten des Verlages.<\/p>\n<p><strong>7. Gew\u00e4hrleistung und M\u00e4ngelhaftung<\/strong><br \/>\n7.1 Liegt ein Mangel in der Kaufsache vor, so gelten die gesetzlichen Bestimmungen und Fristen zur M\u00e4ngelhaftung\/Gew\u00e4hrleistung (\u00a7\u00a7 434 ff BGB). Anspr\u00fcche wegen M\u00e4ngeln verj\u00e4hren innerhalb von zwei Jahren ab Lieferung der Kaufsache.<br \/>\n7.2 Die Rechte des Kunden wegen eines Mangels sind ausgeschlossen, wenn er bei Vertragsschluss den Mangel kennt, dies gilt vor allem f\u00fcr antiquarische Titel und M\u00e4ngelexemplare, die wissentlich vom Kunden bestellt werden.<br \/>\n7.3 Der Kunde hat zun\u00e4chst die Wahl, ob die Nacherf\u00fcllung durch Nachbesserung oder Ersatzlieferung erfolgen soll. Der Verlag ist jedoch berechtigt, die vom Kunden gew\u00e4hlte Art der Nacherf\u00fcllung zu verweigern, wenn sie nur mit unverh\u00e4ltnism\u00e4\u00dfigen Kosten m\u00f6glich ist und die andere Art der Nacherf\u00fcllung ohne erhebliche Nachteile f\u00fcr den Kunden bleibt. W\u00e4hrend der Nacherf\u00fcllung sind die Herabsetzung des Kaufpreises oder der R\u00fccktritt vom Vertrag durch den Kunden ausgeschlossen. Eine Nachbesserung gilt mit dem erfolglosen zweiten Versuch als fehlgeschlagen, wenn sich nicht insbesondere aus der Art der Sache oder des Mangels oder den sonstigen Umst\u00e4nden etwas anderes ergibt. Ist die Nacherf\u00fcllung fehlgeschlagen oder hat der Verlag die Nacherf\u00fcllung insgesamt verweigert, kann der Kunde nach seiner Wahl Herabsetzung des Kaufpreises (Minderung) verlangen oder den R\u00fccktritt vom Vertrag erkl\u00e4ren.<br \/>\n7.4 Schadensersatzanspr\u00fcche zu den nachfolgenden Bedingungen wegen des Mangels kann der Kunde erst geltend machen, wenn die Nacherf\u00fcllung fehlgeschlagen ist oder der Verlag die Nacherf\u00fcllung verweigert hat. Das Recht des Kunden zur Geltendmachung von weitergehenden Schadensersatzanspr\u00fcchen zu den nachfolgenden Bedingungen bleibt davon unber\u00fchrt.<br \/>\n7.5 Der Verlag haftet unbeschadet vorstehender Regelungen und der nachfolgenden Haftungsbeschr\u00e4nkungen uneingeschr\u00e4nkt f\u00fcr Sch\u00e4den an Leben, K\u00f6rper und Gesundheit, die auf einer fahrl\u00e4ssigen oder vors\u00e4tzlichen Pflichtverletzung der gesetzlichen Vertreter oder der Erf\u00fcllungsgehilfen des Verlages beruhen, sowie f\u00fcr Sch\u00e4den, die von der Haftung nach dem Produkthaftungsgesetz umfasst werden, sowie f\u00fcr alle Sch\u00e4den, die auf vors\u00e4tzlichen oder grob fahrl\u00e4ssigen Vertragsverletzungen sowie Arglist der gesetzlichen Vertreter oder der Erf\u00fcllungsgehilfen des Verlages beruhen.<br \/>\n7.6 Der Verlag haftet auch f\u00fcr sonstige Sch\u00e4den, die durch einfache Fahrl\u00e4ssigkeit verursacht werden, soweit diese Fahrl\u00e4ssigkeit die Verletzung solcher Vertragspflichten betrifft, die die Durchf\u00fchrung des Vertrages \u00fcberhaupt erst erm\u00f6glichen, deren Einhaltung f\u00fcr die Erreichung des Vertragszwecks von besonderer Bedeutung ist und auf deren Erf\u00fcllung ein Vertragspartner regelm\u00e4\u00dfig vertrauen darf (Kardinalpflichten). Der Verlag haftet jedoch nur, soweit die Sch\u00e4den in typischer Weise mit dem Vertrag verbunden und vorhersehbar sind. Bei einfachen fahrl\u00e4ssigen Verletzungen nicht vertragswesentlicher Nebenpflichten haftet der Verlag im \u00dcbrigen nicht. Eine dar\u00fcber hinausgehende Haftung auf Schadensersatz insbesondere f\u00fcr Sch\u00e4den, die nicht am Liefergegenstand selbst entstanden sind, f\u00fcr entgangene Gewinne oder andere Verm\u00f6genssch\u00e4den ist ausgeschlossen.<br \/>\n7.7 Eine weitergehende Haftung ist ohne R\u00fccksicht auf die Rechtsnatur des geltend gemachten Anspruchs ausgeschlossen. Soweit die Haftung des Verlages ausgeschlossen oder beschr\u00e4nkt ist, gilt dies auch f\u00fcr die pers\u00f6nliche Haftung der Angestellten, Arbeitnehmer, Mitarbeiter, Vertreter und Erf\u00fcllungsgehilfen des Verlages.<br \/>\nF\u00fcr Darstellungen auf Homepages die mit efweha-verlag.de oder anderen Homepages des Verlages verlinkt sind, \u00fcbernimmt der Verlag keine Haftung.<br \/>\nReklamationen jeglicher Art sind an den Verlag zu richten.<\/p>\n<p><strong>8. Liefer- und Zahlungsbedingungen f\u00fcr den Buchhandel<\/strong><br \/>\n8.1 Es gilt die Buchh\u00e4ndlerische Verkehrsordnung (VO) des B\u00f6rsenvereins des Dt. Buchhandels in der zum Bestellzeitpunkt g\u00fcltigen Fassung soweit in vorliegenden AGB nichts Weiteres festgelegt ist.<br \/>\n8.2 Einkaufsbedingungen des Kunden werden in keinem Fall Gegenstand des Liefervertrages mit dem Verlag, und zwar ohne R\u00fccksicht darauf, ob der Verlag den Einkaufsbedingungen ausdr\u00fccklich widerspricht oder nicht.<br \/>\n8.3 Soweit nicht ausdr\u00fccklich anders vereinbart, erfolgt Lieferung mit Festrechnung. S\u00e4mtliche Warenlieferungen erfolgen auf Rechnung und Gefahr des Kunden. Den Versandweg legt der Verlag fest. Die Versandkosten tr\u00e4gt der Verlag der Verlag bei einem Bestellwert ab 5,&#8211; \u20ac, bei einem niedrigeren Bestellwert tr\u00e4gt sie der Kunde. Sofern der der Kunde eine Versandart vorgibt, tr\u00e4gt der Kunde die hierdurch zus\u00e4tzlich entstehenden Versandkosten.<br \/>\n8.4 M\u00e4ngelr\u00fcge: Eine M\u00e4ngelr\u00fcge muss umgehend erfolgen. Besch\u00e4digte oder fehlerhafte Exemplare berechtigen &#8211; soweit der Verlag oder seine Auslieferung daf\u00fcr verantwortlich ist &#8211; zum Umtausch, nicht aber zur Gutschrift. Das fehlerhafte Exemplar ist zur\u00fcckzuschicken; f\u00fcr Ausnahmen s. die jeweils j\u00fcngste Fassung &#8222;Vereinfachte Remission von Defektexemplaren&#8220; des B\u00f6rsenvereins des Dt. Buchhandels.<br \/>\n8.5 Remissionen: Fest bezogene Exemplare bed\u00fcrfen zur Remission der schriftlichen Genehmigung des Verlages oder des Verlagsvertreters; bei der Gutschriftserstellung werden 10% Bearbeitungsgeb\u00fchr abgezogen. Eine Gutschriftserstellung setzt immer voraus, dass der Remission die Bezugsdaten (Rg.-Dat., Rg.-Nr.) beilegen; au\u00dferdem bei schriftlich genehmigten R\u00fccksendungen auch die Genehmigung. Remissionen sind immer an die ausliefernde Stelle zu senden, ansonsten ist mit einem Gutschriftsabzug f\u00fcr Fehladressierung zu rechnen. Der Verlag beh\u00e4lt sich vor, Exemplare, die ungenehmigt remittiert werden oder im nicht einwandfrei verkaufsf\u00e4higen Zustand remittiert werden, \u00fcberhaupt nicht oder unter erheblichen Abz\u00fcgen gutzuschreiben.<br \/>\n8.6 S\u00e4mtliche Rechnungen sind in der F\u00e4lligkeitsfrist ohne jeglichen Abzug zahlbar. Noch nicht erteilte Gutschriften oder ungekl\u00e4rte Kontodifferenzen berechtigen den Kunden nicht, f\u00e4llige Zahlungen zu unterlassen. Bei Zahlungsverzug ist der Verlag berechtigt, Mahngeb\u00fchren und Verzugszinsen in bank\u00fcblicher H\u00f6he zu berechnen. Der Verlag beh\u00e4lt sich vor, Kunden, die seine Rechnungen s\u00e4umig zahlen, per Vorfaktur zu beliefern. Der Verlag akzeptiert nur Zahlungen durch Bank\u00fcberweisung oder Lastschrift.<\/p>\n<p><strong>9. Schlussbestimmungen<\/strong><br \/>\n9.1 Es gilt das Recht der Bundesrepublik Deutschland unter Ausschluss des Kollisionsrechts und des UN-Kaufrechts. Ist der Kunde eine nat\u00fcrliche Person und schlie\u00dft den Vertrag zu einem Zweck, der nicht ihrer beruflichen oder gewerblichen T\u00e4tigkeit zugerechnet werden kann, so f\u00fchrt dies nicht dazu, dass dem Kunden der Schutz entzogen wird, der ihm durch diejenigen Bestimmungen Recht des Staates gew\u00e4hrt wird, in dem der Kunde seinen gew\u00f6hnlichen Aufenthalt hat und von denen nicht durch Vertrag abgewichen werden darf.<br \/>\n9.2 Ist der Kunde Kaufmann oder juristische Person des \u00f6ffentlichen Rechts oder ein \u00f6ffentlich-rechtliches Sonderverm\u00f6gen, ist Erf\u00fcllungsort und ausschlie\u00dflicher Gerichtsstand f\u00fcr alle Streitigkeiten aus dem Vertragsverh\u00e4ltnis M\u00fcnchen.<br \/>\n9.3 F\u00fcr Kunden, die nicht Verbraucher sind, gilt: Die Parteien verpflichten sich f\u00fcr den Fall der Unwirksamkeit einer Bestimmung, sie durch eine andere zu ersetzen, die dem wirtschaftlichen Zweck der unwirksamen Bestimmung am n\u00e4chsten kommt.<\/p>\n<p><strong>Stand<\/strong> der Allgemeinen Gesch\u00e4ftsbedingungen f\u00fcr den Buchhandel: 10.08.2017<\/p>\n<p>&nbsp;<\/p>\n<div class=\"twoclick_social_bookmarks_post_22 social_share_privacy clearfix 1.6.4 locale-de_DE sprite-de_DE\"><\/div><div class=\"twoclick-js\"><script type=\"text\/javascript\">\/* <![CDATA[ *\/\njQuery(document).ready(function($){if($('.twoclick_social_bookmarks_post_22')){$('.twoclick_social_bookmarks_post_22').socialSharePrivacy({\"txt_help\":\"Wenn Sie diese Felder durch einen Klick aktivieren, werden Informationen an Facebook, Twitter, Flattr, Xing, t3n, LinkedIn, Pinterest oder Google eventuell ins Ausland \\u00fcbertragen und unter Umst\\u00e4nden auch dort gespeichert. N\\u00e4heres erfahren Sie durch einen Klick auf das <em>i<\\\/em>.\",\"settings_perma\":\"Dauerhaft aktivieren und Daten\\u00fcber-tragung zustimmen:\",\"info_link\":\"http:\\\/\\\/www.heise.de\\\/ct\\\/artikel\\\/2-Klicks-fuer-mehr-Datenschutz-1333879.html\",\"uri\":\"https:\\\/\\\/efweha-verlag.de\\\/wordpress\\\/agb\\\/fuer-den-buchhandel\\\/\",\"post_id\":22,\"post_title_referrer_track\":\"AGB+und+Hinweise+f%C3%BCr+den+Buchhandel\",\"display_infobox\":\"on\"});}});\n\/* ]]> *\/<\/script><\/div>","protected":false},"excerpt":{"rendered":"<p>Die AGB f\u00fcr den Buchhandel (inkl. Liefer- und Zahlungsbedingungen) finden Sie weiter unten und k\u00f6nnen Sie hier als PDF-Datei herunterladen: 2017-08-AGB-Buchhandel-EfWeHa-Verlag.pdf Elektronische Bestellung \u00fcber www.ibu-service.de Wir bieten dem Buchhandel \u00fcber den www.ibu-service.de\u00a0die M\u00f6glichkeit, unsere gedruckten Verlagsprodukte auch elektronisch zu bestellen. &hellip; <a href=\"https:\/\/efweha-verlag.de\/wordpress\/agb\/fuer-den-buchhandel\/\">Weiterlesen <span class=\"meta-nav\">&rarr;<\/span><\/a><\/p>\n","protected":false},"author":1,"featured_media":0,"parent":16,"menu_order":20,"comment_status":"closed","ping_status":"closed","template":"","meta":{"footnotes":""},"class_list":["post-22","page","type-page","status-publish","hentry"],"_links":{"self":[{"href":"https:\/\/efweha-verlag.de\/wordpress\/wp-json\/wp\/v2\/pages\/22","targetHints":{"allow":["GET"]}}],"collection":[{"href":"https:\/\/efweha-verlag.de\/wordpress\/wp-json\/wp\/v2\/pages"}],"about":[{"href":"https:\/\/efweha-verlag.de\/wordpress\/wp-json\/wp\/v2\/types\/page"}],"author":[{"embeddable":true,"href":"https:\/\/efweha-verlag.de\/wordpress\/wp-json\/wp\/v2\/users\/1"}],"replies":[{"embeddable":true,"href":"https:\/\/efweha-verlag.de\/wordpress\/wp-json\/wp\/v2\/comments?post=22"}],"version-history":[{"count":26,"href":"https:\/\/efweha-verlag.de\/wordpress\/wp-json\/wp\/v2\/pages\/22\/revisions"}],"predecessor-version":[{"id":411,"href":"https:\/\/efweha-verlag.de\/wordpress\/wp-json\/wp\/v2\/pages\/22\/revisions\/411"}],"up":[{"embeddable":true,"href":"https:\/\/efweha-verlag.de\/wordpress\/wp-json\/wp\/v2\/pages\/16"}],"wp:attachment":[{"href":"https:\/\/efweha-verlag.de\/wordpress\/wp-json\/wp\/v2\/media?parent=22"}],"curies":[{"name":"wp","href":"https:\/\/api.w.org\/{rel}","templated":true}]}}