{"id":26,"date":"2016-05-23T20:40:02","date_gmt":"2016-05-23T20:40:02","guid":{"rendered":"https:\/\/efweha-verlag.de\/wordpress\/?page_id=26"},"modified":"2017-10-10T15:36:55","modified_gmt":"2017-10-10T13:36:55","slug":"verlagsprogramm","status":"publish","type":"page","link":"https:\/\/efweha-verlag.de\/wordpress\/","title":{"rendered":"Verlagsprogramm"},"content":{"rendered":"<h1 class=\"h1x97\">Programm des EfWeHa-Verlags<\/h1>\n<div id=\"attachment_96\" style=\"width: 160px\" class=\"wp-caption alignleft\"><a href=\"https:\/\/efweha-verlag.de\/verlagsprogramm\/datenschutzwissen-praxiserpobt-fuer-unternehmen-gewerbetreibende-selbstaendige\/bd-02-dsgvo-synopse-der-artikel-und-erwaegungsgruende\/\"><img loading=\"lazy\" decoding=\"async\" aria-describedby=\"caption-attachment-96\" class=\"wp-image-96 size-thumbnail\" src=\"https:\/\/efweha-verlag.de\/wordpress\/wp-content\/uploads\/2016\/05\/Bd-02-umschlag-dsgvo-synopse-art-ewg-150x150.png\" alt=\"Band 02: DSGVO Synopse - Artikel und Erw\u00e4gungsgr\u00fcnde\" width=\"150\" height=\"150\" \/><\/a><p id=\"caption-attachment-96\" class=\"wp-caption-text\">Band 02: DSGVO Synopse &#8211; Artikel und Erw\u00e4gungsgr\u00fcnde<\/p><\/div>\n<p class=\"x97\"><span style=\"font-size: medium;\">Im EfWeHa-Verlag werden in erster Linie Brosch\u00fcren und B\u00fccher erscheinen, die sich aus unterschiedlichen Blickwinkeln mit dem Datenschutz besch\u00e4ftigen. Daneben wird es aber auch einzelne B\u00fccher zu anderen Themen geben.<\/span><\/p>\n<div id=\"attachment_116\" style=\"width: 160px\" class=\"wp-caption alignright\"><a href=\"https:\/\/efweha-verlag.de\/verlagsprogramm\/datenschutzwissen-praxiserpobt-fuer-unternehmen-gewerbetreibende-selbstaendige\/bd-03-dsgvo-synopse-mit-gegenueberstellung-der-artikel-und-erwaegungsgruende-sowie-vergleichbarer-bdsg-regelungen\/\"><img loading=\"lazy\" decoding=\"async\" aria-describedby=\"caption-attachment-116\" class=\"wp-image-116 size-thumbnail\" src=\"https:\/\/efweha-verlag.de\/wordpress\/wp-content\/uploads\/2016\/05\/bd_03-umschlag-dsgvo-synopse-art-ewg-bdsg-150x105.png\" alt=\"Band 03: DSGVO-Synopse, Art., Erw\u00e4gungsgr\u00fcnde, \u00a7\u00a7 des BDSG\" width=\"150\" height=\"105\" \/><\/a><p id=\"caption-attachment-116\" class=\"wp-caption-text\">Band 03: DSGVO-Synopse, Art., Erw\u00e4gungsgr\u00fcnde, \u00a7\u00a7 des BDSG<\/p><\/div>\n<p class=\"x97\"><span style=\"font-size: medium;\">Zur Zeit gibt es die folgenden beiden Reihen:<\/span><\/p>\n<ul>\n<li class=\"x97\"><span style=\"font-size: medium;\"><span style=\"font-size: medium;\"><a class=\"x97\" href=\"https:\/\/efweha-verlag.de\/verlagsprogramm\/datenschutzwissen-praxiserpobt-fuer-unternehmen-gewerbetreibende-selbstaendige\/\">Datenschutzwissen kompakt &#8211; <em>Datenschutzwissen &#8211; praxiserpobt &#8211; <\/em>f\u00fcr Unternehmen, Gewerbetreibende &amp; Selbst\u00e4ndige sowie deren Datenschutzbeauftragte<\/a><\/span><\/span><\/li>\n<li>\n<div id=\"attachment_77\" style=\"width: 110px\" class=\"wp-caption alignleft\"><a href=\"http:\/\/efweha-verlag.de\/BD_20\"><img loading=\"lazy\" decoding=\"async\" aria-describedby=\"caption-attachment-77\" class=\"wp-image-77 size-full\" src=\"https:\/\/efweha-verlag.de\/wordpress\/wp-content\/uploads\/2016\/05\/Umschlag-Datenschutzwissen-Kompakt-Band-20-A5-klein.png\" alt=\"Umschlag-Datenschutzwissen-Kompakt-Band-20-A5-klein\" width=\"100\" height=\"140\" \/><\/a><p id=\"caption-attachment-77\" class=\"wp-caption-text\">Bd. 20: Besch\u00e4ftigtendatenschutz<\/p><\/div>\n<p><span style=\"font-size: medium;\"><span style=\"font-size: medium;\"><a class=\"x97\" href=\"https:\/\/efweha-verlag.de\/verlagsprogramm\/datenschutzwissen-kompakt-datenschutzwissen-praxiserpobt-fuer-betriebsraete\/\">Datenschutzwissen kompakt &#8211; <em>Datenschutzwissen &#8211; praxiserpobt &#8211; <\/em>f\u00fcr Betriebsr\u00e4te<\/a><\/span><\/span><\/li>\n<\/ul>\n<p>Eine dritte Reihe ist geplant:<\/p>\n<ul>\n<li><span style=\"font-size: medium;\"><span style=\"font-size: medium;\"><span style=\"font-size: medium;\">Datenschutzwissen kompakt &#8211; <em>Datenschutzwissen &#8211; praxiserprobt &#8211; <\/em>f\u00fcr Betroffene (Kund\/inn\/en, Verbraucher\/innen, &#8230;)<\/span><\/span><\/span><\/li>\n<\/ul>\n<p class=\"x97\"><span style=\"font-size: large;\">Hier geht es zur <\/span><a class=\"x97\" href=\"https:\/\/efweha-verlag.de\/bestellung\/\"><span style=\"font-size: large;\"><strong>Bestellung<\/strong><\/span><\/a><span style=\"font-size: large;\"> (oder direkt zum <\/span><a class=\"x97\" href=\"https:\/\/efweha-verlag.de\/bestellen\" target=\"_blank\" rel=\"noopener\"><span style=\"font-size: large;\"><strong>Bestellformular<\/strong><\/span><\/a><span style=\"font-size: large;\">) &#8211; Die <a href=\"https:\/\/efweha-verlag.de\/wordpress\/verlagsprogramm\/datenschutzwissen-praxiserpobt-fuer-unternehmen-gewerbetreibende-selbstaendige\/\">eBooks<\/a> k\u00f6nnen derzeit leider noch nicht \u00fcber das Bestellformular bestellt werden.<br \/>\n<\/span><\/p>\n<div class=\"twoclick_social_bookmarks_post_26 social_share_privacy clearfix 1.6.4 locale-de_DE sprite-de_DE\"><\/div><div class=\"twoclick-js\"><script type=\"text\/javascript\">\/* <![CDATA[ *\/\njQuery(document).ready(function($){if($('.twoclick_social_bookmarks_post_26')){$('.twoclick_social_bookmarks_post_26').socialSharePrivacy({\"txt_help\":\"Wenn Sie diese Felder durch einen Klick aktivieren, werden Informationen an Facebook, Twitter, Flattr, Xing, t3n, LinkedIn, Pinterest oder Google eventuell ins Ausland \\u00fcbertragen und unter Umst\\u00e4nden auch dort gespeichert. N\\u00e4heres erfahren Sie durch einen Klick auf das <em>i<\\\/em>.\",\"settings_perma\":\"Dauerhaft aktivieren und Daten\\u00fcber-tragung zustimmen:\",\"info_link\":\"http:\\\/\\\/www.heise.de\\\/ct\\\/artikel\\\/2-Klicks-fuer-mehr-Datenschutz-1333879.html\",\"uri\":\"https:\\\/\\\/efweha-verlag.de\\\/wordpress\\\/\",\"post_id\":26,\"post_title_referrer_track\":\"Verlagsprogramm\",\"display_infobox\":\"on\"});}});\n\/* ]]> *\/<\/script><\/div>","protected":false},"excerpt":{"rendered":"<p>Programm des EfWeHa-Verlags Im EfWeHa-Verlag werden in erster Linie Brosch\u00fcren und B\u00fccher erscheinen, die sich aus unterschiedlichen Blickwinkeln mit dem Datenschutz besch\u00e4ftigen. Daneben wird es aber auch einzelne B\u00fccher zu anderen Themen geben. Zur Zeit gibt es die folgenden beiden &hellip; <a href=\"https:\/\/efweha-verlag.de\/wordpress\/\">Weiterlesen <span class=\"meta-nav\">&rarr;<\/span><\/a><\/p>\n","protected":false},"author":1,"featured_media":0,"parent":0,"menu_order":1,"comment_status":"closed","ping_status":"closed","template":"","meta":{"footnotes":""},"class_list":["post-26","page","type-page","status-publish","hentry"],"_links":{"self":[{"href":"https:\/\/efweha-verlag.de\/wordpress\/wp-json\/wp\/v2\/pages\/26","targetHints":{"allow":["GET"]}}],"collection":[{"href":"https:\/\/efweha-verlag.de\/wordpress\/wp-json\/wp\/v2\/pages"}],"about":[{"href":"https:\/\/efweha-verlag.de\/wordpress\/wp-json\/wp\/v2\/types\/page"}],"author":[{"embeddable":true,"href":"https:\/\/efweha-verlag.de\/wordpress\/wp-json\/wp\/v2\/users\/1"}],"replies":[{"embeddable":true,"href":"https:\/\/efweha-verlag.de\/wordpress\/wp-json\/wp\/v2\/comments?post=26"}],"version-history":[{"count":16,"href":"https:\/\/efweha-verlag.de\/wordpress\/wp-json\/wp\/v2\/pages\/26\/revisions"}],"predecessor-version":[{"id":412,"href":"https:\/\/efweha-verlag.de\/wordpress\/wp-json\/wp\/v2\/pages\/26\/revisions\/412"}],"wp:attachment":[{"href":"https:\/\/efweha-verlag.de\/wordpress\/wp-json\/wp\/v2\/media?parent=26"}],"curies":[{"name":"wp","href":"https:\/\/api.w.org\/{rel}","templated":true}]}}