{"id":297,"date":"2017-06-25T17:59:57","date_gmt":"2017-06-25T15:59:57","guid":{"rendered":"https:\/\/efweha-verlag.de\/?page_id=297"},"modified":"2017-06-25T19:56:17","modified_gmt":"2017-06-25T17:56:17","slug":"hinweise-fuer-seminaranbieter-und-bildungseinrichtungen","status":"publish","type":"page","link":"https:\/\/efweha-verlag.de\/wordpress\/agb\/hinweise-fuer-seminaranbieter-und-bildungseinrichtungen\/","title":{"rendered":"Hinweise f\u00fcr Seminaranbieter und Bildungseinrichtungen"},"content":{"rendered":"<h2>Rabatte f\u00fcr Seminaranbieter und Bildungseinrichtungen<\/h2>\n<p>Seminaranbieter und Bildungseinrichtungen, die <strong>direkt<\/strong> beim Verlag <a href=\"https:\/\/efweha-verlag.de\/bestellung\/\">bestellen<\/a>, erhalten je nach Bestellmenge einen <strong>Rabatt<\/strong> f\u00fcr\u00a0Seminaranbieter und Bildungseinrichtungen. Dies gilt unabh\u00e4ngig davon, ob Sie die Werke des Verlags den Teilnehmerinnen und Teilnehmern als Teil der Seminar-Unterlagen ohne Zusatzkosten zur Verf\u00fcgung stellen oder ob sie die Werke an die Teilnehmerinnen und Teilnehmer verkaufen m\u00f6chten.<\/p>\n<p>Bitte informieren Sie sich \u00fcber die konkrete Rabattstaffeln \u00fcber eine der <a href=\"https:\/\/efweha-verlag.de\/kontakt\/\">Kontaktm\u00f6glichkeiten<\/a>. Danke!<\/p>\n<h2>Individuell gestaltete Sonderausgaben<\/h2>\n<p>Bei gr\u00f6\u00dferem Bedarf &#8211; ab einer Auflage von 200 Exemplaren &#8211; sind individuell gestaltete Sonderausgaben, auf Wunsch auch in einem anderen Format oder mit ander Ausstattung (z.B. Klebebindung oder Hardcover) mit Ihrem Logo etc. m\u00f6glich. Anfragen gerne \u00fcber die <a href=\"https:\/\/efweha-verlag.de\/kontakt\/\">Kontaktseite<\/a>.<\/p>\n<h2>Buchpreisbindung<\/h2>\n<p>Bitte beachten Sie bei einem etwaigen Weiterverkauf an Ihre Teilnehmerinnen und Teilnehmer die <a href=\"http:\/\/www.gesetze-im-internet.de\/buchprg\/__3.html\" target=\"_blank\" rel=\"noopener\">gesetzliche Buchpreisbindung<\/a>. Gem\u00e4\u00df dieser d\u00fcrfen die vom Verlag einger\u00e4umten Rabatte <strong>nicht<\/strong> an <a href=\"http:\/\/www.gesetze-im-internet.de\/buchprg\/__2.html\" target=\"_blank\" rel=\"noopener\">Letztabnehmer<\/a> weitergegeben werden.<\/p>\n<p>&nbsp;<\/p>\n<p>&nbsp;<\/p>\n<p>&nbsp;<\/p>\n<div class=\"twoclick_social_bookmarks_post_297 social_share_privacy clearfix 1.6.4 locale-de_DE sprite-de_DE\"><\/div><div class=\"twoclick-js\"><script type=\"text\/javascript\">\/* <![CDATA[ *\/\njQuery(document).ready(function($){if($('.twoclick_social_bookmarks_post_297')){$('.twoclick_social_bookmarks_post_297').socialSharePrivacy({\"txt_help\":\"Wenn Sie diese Felder durch einen Klick aktivieren, werden Informationen an Facebook, Twitter, Flattr, Xing, t3n, LinkedIn, Pinterest oder Google eventuell ins Ausland \\u00fcbertragen und unter Umst\\u00e4nden auch dort gespeichert. N\\u00e4heres erfahren Sie durch einen Klick auf das <em>i<\\\/em>.\",\"settings_perma\":\"Dauerhaft aktivieren und Daten\\u00fcber-tragung zustimmen:\",\"info_link\":\"http:\\\/\\\/www.heise.de\\\/ct\\\/artikel\\\/2-Klicks-fuer-mehr-Datenschutz-1333879.html\",\"uri\":\"https:\\\/\\\/efweha-verlag.de\\\/wordpress\\\/agb\\\/hinweise-fuer-seminaranbieter-und-bildungseinrichtungen\\\/\",\"post_id\":297,\"post_title_referrer_track\":\"Hinweise+f%C3%BCr+Seminaranbieter+und+Bildungseinrichtungen\",\"display_infobox\":\"on\"});}});\n\/* ]]> *\/<\/script><\/div>","protected":false},"excerpt":{"rendered":"<p>Rabatte f\u00fcr Seminaranbieter und Bildungseinrichtungen Seminaranbieter und Bildungseinrichtungen, die direkt beim Verlag bestellen, erhalten je nach Bestellmenge einen Rabatt f\u00fcr\u00a0Seminaranbieter und Bildungseinrichtungen. Dies gilt unabh\u00e4ngig davon, ob Sie die Werke des Verlags den Teilnehmerinnen und Teilnehmern als Teil der Seminar-Unterlagen &hellip; <a href=\"https:\/\/efweha-verlag.de\/wordpress\/agb\/hinweise-fuer-seminaranbieter-und-bildungseinrichtungen\/\">Weiterlesen <span class=\"meta-nav\">&rarr;<\/span><\/a><\/p>\n","protected":false},"author":1,"featured_media":0,"parent":16,"menu_order":10,"comment_status":"closed","ping_status":"closed","template":"","meta":{"footnotes":""},"class_list":["post-297","page","type-page","status-publish","hentry"],"_links":{"self":[{"href":"https:\/\/efweha-verlag.de\/wordpress\/wp-json\/wp\/v2\/pages\/297","targetHints":{"allow":["GET"]}}],"collection":[{"href":"https:\/\/efweha-verlag.de\/wordpress\/wp-json\/wp\/v2\/pages"}],"about":[{"href":"https:\/\/efweha-verlag.de\/wordpress\/wp-json\/wp\/v2\/types\/page"}],"author":[{"embeddable":true,"href":"https:\/\/efweha-verlag.de\/wordpress\/wp-json\/wp\/v2\/users\/1"}],"replies":[{"embeddable":true,"href":"https:\/\/efweha-verlag.de\/wordpress\/wp-json\/wp\/v2\/comments?post=297"}],"version-history":[{"count":7,"href":"https:\/\/efweha-verlag.de\/wordpress\/wp-json\/wp\/v2\/pages\/297\/revisions"}],"predecessor-version":[{"id":312,"href":"https:\/\/efweha-verlag.de\/wordpress\/wp-json\/wp\/v2\/pages\/297\/revisions\/312"}],"up":[{"embeddable":true,"href":"https:\/\/efweha-verlag.de\/wordpress\/wp-json\/wp\/v2\/pages\/16"}],"wp:attachment":[{"href":"https:\/\/efweha-verlag.de\/wordpress\/wp-json\/wp\/v2\/media?parent=297"}],"curies":[{"name":"wp","href":"https:\/\/api.w.org\/{rel}","templated":true}]}}