{"id":45,"date":"2016-05-24T14:38:07","date_gmt":"2016-05-24T12:38:07","guid":{"rendered":"https:\/\/efweha-verlag.de\/wordpress\/?page_id=45"},"modified":"2019-10-08T16:22:22","modified_gmt":"2019-10-08T14:22:22","slug":"bestellung","status":"publish","type":"page","link":"https:\/\/efweha-verlag.de\/wordpress\/bestellung\/","title":{"rendered":"Bestellung"},"content":{"rendered":"<h1 class=\"h1x97\">Bestellm\u00f6glichkeiten<\/h1>\n<p>Die auf dieser Seite genannten Bestellm\u00f6glichkeiten k\u00f6nnen auch vom <a href=\"https:\/\/efweha-verlag.de\/agb\/hinweise-fuer-den-buchhandel\/\">Buchhandel<\/a> sowuie von <a href=\"https:\/\/efweha-verlag.de\/agb\/hinweise-fuer-seminaranbieter-und-bildungseinrichtungen\/\">Seminaranbietern und Bildungseinrichtungen<\/a> genutzt werden. Weitere Inforamtionen f\u00fcr den <a href=\"https:\/\/efweha-verlag.de\/agb\/hinweise-fuer-den-buchhandel\/\">Buchhandel<\/a> finden sich hier: <a href=\"https:\/\/efweha-verlag.de\/BuHa-Info\">https:\/\/efweha-verlag.de\/BuHa-Info<\/a>. Hinweise zu den Rabatten f\u00fcr <a href=\"https:\/\/efweha-verlag.de\/agb\/hinweise-fuer-seminaranbieter-und-bildungseinrichtungen\/\">Seminaranbieter und Bildungseinrichtungen<\/a> finden Sie hier:<br \/>\n<a href=\"https:\/\/efweha-verlag.de\/Bildung\">https:\/\/efweha-verlag.de\/Bildung<\/a>.<\/p>\n<ul>\n<li>\n<p class=\"h2x97\"><strong><a class=\"x97\" href=\"https:\/\/efweha-verlag.de\/bestellen\" target=\"_blank\" rel=\"noopener noreferrer\">Bestellformular<\/a>\u00a0(PDF-Datei) &#8211; Die <a href=\"http:\/\/efweha-verlag.de\/verlagsprogramm\/datenschutzwissen-praxiserpobt-fuer-unternehmen-gewerbetreibende-selbstaendige\/\">eBooks<\/a> k\u00f6nnen derzeit leider noch nicht \u00fcber das Bestellformular bestellt werden.<\/strong><\/p>\n<\/li>\n<li><strong>Bestellung Band 50<\/strong> &#8211; &#8222;Das \u201eCookie-Urteil\u201c des EugH vom 01.10.2019 \u2013 Stellungnahme und Empfehlungen&#8220;<br \/>\nISBN 978-3-95546-050-1, eBook (PDF-Datei), 36 Seiten DIN A5, 4,90 \u20ac &#8211; Dieses eBook ist ausschlie\u00dflich \u00fcber Digistore24 bestellbar:<br \/>\n<a href=\"https:\/\/efweha-verlag.de\/impressum\/\"><img loading=\"lazy\" decoding=\"async\" class=\"alignnone size-full wp-image-74\" src=\"https:\/\/efweha-verlag.de\/wordpress\/wp-content\/uploads\/2016\/05\/efweha-verlag-externer-link.gif\" alt=\"Externer Link\" width=\"15\" height=\"12\" \/><\/a><a href=\"https:\/\/www.digistore24.com\/product\/289656\" target=\"_blank\" rel=\"noopener noreferrer\"><strong>https:\/\/www.digistore24.com\/product\/289656<\/strong><\/a><\/li>\n<li>\n<p class=\"h2x97\"><strong>Bestellung Band 02<\/strong> &#8211; Die Europ\u00e4ische Datenschutzgrundverordnung \u2013 DSGVO \u2013 Eine Synopse der Artikel und der Erw\u00e4gungsgr\u00fcnde \u2013 <a href=\"http:\/\/efweha-verlag.de\/verlagsprogramm\/datenschutzwissen-praxiserpobt-fuer-unternehmen-gewerbetreibende-selbstaendige\/bd-02-dsgvo-synopse-der-artikel-und-erwaegungsgruende\/\">eBook: siehe dort<\/a><\/p>\n<\/li>\n<li>\n<p class=\"h2x97\"><strong>Bestellung Band 03<\/strong> &#8211; Die Europ\u00e4ische Datenschutzgrundverordnung \u2013 DSGVO \u2013 Eine Synopse der Artikel und der Erw\u00e4gungsgr\u00fcnde der DGSVO mit den vergleichbaren Regelungen des Bundesdatenschutzgesetz (BDSG) \u2013 derzeit nur als\u00a0<a href=\"http:\/\/efweha-verlag.de\/verlagsprogramm\/datenschutzwissen-praxiserpobt-fuer-unternehmen-gewerbetreibende-selbstaendige\/bd-03-dsgvo-synopse-mit-gegenueberstellung-der-artikel-und-erwaegungsgruende-sowie-vergleichbarer-bdsg-regelungen\/\"> eBook: siehe dort<\/a><\/p>\n<\/li>\n<li><strong>Bestellung Band 41<\/strong> &#8211; Die Europ\u00e4ische Datenschutzgrundverordnung &#8211; DS-GVO &#8211; Synopse mit Gegen\u00fcberstellung der Artikel und Erw\u00e4gungsgr\u00fcnde sowie entsprechenden Regelungen des neuen BDSG &#8211; <strong>Die gedruckte Ausgabe ist vergriffen.<\/strong><\/li>\n<\/ul>\n<ul>\n<li>\n<p class=\"h2x97\"><a class=\"x97\" href=\"mailto:bestellung@efweha-verlag.de?subject=Bestellung%20Bd.%2020%20Beschaeftigtendatenschutz&amp;body=Hiermit%20bestelle%20ich%20verbindlich%20ein%20Exemplar%20des%20Buches%20Beschaeftigtendatenschutz%20im%20Fokus%20der%20Rechtsprechung%20des%20Bundesarbeitsgerichts%20und%20des%20Bundesverwaltungsgerichts,%20ISBN:%20978-3-95546-020-4,%20zum%20Preis%20von%209,80%20EUR%20inkl.%20MWSt.%20und%20Versandkosten%20im%20Inland.%20Meine%20Anschrift%20lautet:\"><strong><span style=\"font-size: medium;\">Bestellung Band 20 (Besch\u00e4ftigtendatenschutz im Fokus der Rechtsprechung) per E-Mail<\/span><\/strong><\/a><span style=\"font-size: medium;\"> (\u00f6ffnet sich in Ihrem E-Mail-Programm)<\/span><\/p>\n<\/li>\n<\/ul>\n<p class=\"x97\">\u00a0<span style=\"font-size: medium;\">Hier finden Sie das <a class=\"x97\" href=\"https:\/\/efweha-verlag.de\/bestellen\" target=\"_blank\" rel=\"noopener noreferrer\">Bestellformular<\/a>, das Sie <a class=\"x97\" href=\"https:\/\/efweha-verlag.de\/bestellen\" target=\"_blank\" rel=\"noopener noreferrer\">herunterladen<\/a> und dann<\/span><\/p>\n<ul>\n<li><span style=\"font-size: medium;\">ausdrucken, per Hand ausf\u00fcllen oder<\/span><\/li>\n<li><span style=\"font-size: medium;\">am PC ausf\u00fcllen, dann per E-Mail versenden oder ausdrucken<br \/>\n<\/span><\/li>\n<\/ul>\n<p class=\"x97\"><span style=\"font-size: medium;\">und uns dann per Post oder Fax (<\/span><span style=\"font-size: medium;\"><span style=\"font-size: medium;\">089 \/ 51 30 56 98<\/span>) zusenden k\u00f6nnen.<\/span><\/p>\n<p class=\"x97\"><span style=\"font-size: medium;\">Wir bitten um Verst\u00e4ndnis, dass wir derzeit noch kein Onlineformular anbieten. Bitte nutzen Sie daher auch die obigen E-Mailbestellm\u00f6glichkeiten.<br \/>\n<\/span><\/p>\n<div class=\"twoclick_social_bookmarks_post_45 social_share_privacy clearfix 1.6.4 locale-de_DE sprite-de_DE\"><\/div><div class=\"twoclick-js\"><script type=\"text\/javascript\">\/* <![CDATA[ *\/\njQuery(document).ready(function($){if($('.twoclick_social_bookmarks_post_45')){$('.twoclick_social_bookmarks_post_45').socialSharePrivacy({\"txt_help\":\"Wenn Sie diese Felder durch einen Klick aktivieren, werden Informationen an Facebook, Twitter, Flattr, Xing, t3n, LinkedIn, Pinterest oder Google eventuell ins Ausland \\u00fcbertragen und unter Umst\\u00e4nden auch dort gespeichert. N\\u00e4heres erfahren Sie durch einen Klick auf das <em>i<\\\/em>.\",\"settings_perma\":\"Dauerhaft aktivieren und Daten\\u00fcber-tragung zustimmen:\",\"info_link\":\"http:\\\/\\\/www.heise.de\\\/ct\\\/artikel\\\/2-Klicks-fuer-mehr-Datenschutz-1333879.html\",\"uri\":\"https:\\\/\\\/efweha-verlag.de\\\/wordpress\\\/bestellung\\\/\",\"post_id\":45,\"post_title_referrer_track\":\"Bestellung\",\"display_infobox\":\"on\"});}});\n\/* ]]> *\/<\/script><\/div>","protected":false},"excerpt":{"rendered":"<p>Bestellm\u00f6glichkeiten Die auf dieser Seite genannten Bestellm\u00f6glichkeiten k\u00f6nnen auch vom Buchhandel sowuie von Seminaranbietern und Bildungseinrichtungen genutzt werden. Weitere Inforamtionen f\u00fcr den Buchhandel finden sich hier: https:\/\/efweha-verlag.de\/BuHa-Info. Hinweise zu den Rabatten f\u00fcr Seminaranbieter und Bildungseinrichtungen finden Sie hier: https:\/\/efweha-verlag.de\/Bildung. Bestellformular\u00a0(PDF-Datei) &hellip; <a href=\"https:\/\/efweha-verlag.de\/wordpress\/bestellung\/\">Weiterlesen <span class=\"meta-nav\">&rarr;<\/span><\/a><\/p>\n","protected":false},"author":1,"featured_media":0,"parent":0,"menu_order":90,"comment_status":"closed","ping_status":"closed","template":"","meta":{"footnotes":""},"class_list":["post-45","page","type-page","status-publish","hentry"],"_links":{"self":[{"href":"https:\/\/efweha-verlag.de\/wordpress\/wp-json\/wp\/v2\/pages\/45","targetHints":{"allow":["GET"]}}],"collection":[{"href":"https:\/\/efweha-verlag.de\/wordpress\/wp-json\/wp\/v2\/pages"}],"about":[{"href":"https:\/\/efweha-verlag.de\/wordpress\/wp-json\/wp\/v2\/types\/page"}],"author":[{"embeddable":true,"href":"https:\/\/efweha-verlag.de\/wordpress\/wp-json\/wp\/v2\/users\/1"}],"replies":[{"embeddable":true,"href":"https:\/\/efweha-verlag.de\/wordpress\/wp-json\/wp\/v2\/comments?post=45"}],"version-history":[{"count":20,"href":"https:\/\/efweha-verlag.de\/wordpress\/wp-json\/wp\/v2\/pages\/45\/revisions"}],"predecessor-version":[{"id":492,"href":"https:\/\/efweha-verlag.de\/wordpress\/wp-json\/wp\/v2\/pages\/45\/revisions\/492"}],"wp:attachment":[{"href":"https:\/\/efweha-verlag.de\/wordpress\/wp-json\/wp\/v2\/media?parent=45"}],"curies":[{"name":"wp","href":"https:\/\/api.w.org\/{rel}","templated":true}]}}