{"id":465,"date":"2019-10-06T15:40:26","date_gmt":"2019-10-06T13:40:26","guid":{"rendered":"https:\/\/efweha-verlag.de\/?page_id=465"},"modified":"2019-11-30T14:50:31","modified_gmt":"2019-11-30T12:50:31","slug":"bd-50-das-cookie-urteil-des-eugh-vom-01-10-2019-stellungnahme-und-empfehlungen","status":"publish","type":"page","link":"https:\/\/efweha-verlag.de\/wordpress\/verlagsprogramm\/datenschutzwissen-praxiserpobt-fuer-unternehmen-gewerbetreibende-selbstaendige\/bd-50-das-cookie-urteil-des-eugh-vom-01-10-2019-stellungnahme-und-empfehlungen\/","title":{"rendered":"Bd. 50 &#8211; Das &#8222;Cookie-Urteil&#8220; des EuGH vom 01.10.2019 &#8211; Stellungnahme und Empfehlungen"},"content":{"rendered":"<p><img loading=\"lazy\" decoding=\"async\" class=\"alignleft size-medium wp-image-468\" src=\"https:\/\/efweha-verlag.de\/wordpress\/wp-content\/uploads\/2019\/10\/Umschlag-Datenschutzwissen-Kompakt-Band-50-A5-212x300.jpg\" alt=\"\" width=\"212\" height=\"300\" srcset=\"https:\/\/efweha-verlag.de\/wordpress\/wp-content\/uploads\/2019\/10\/Umschlag-Datenschutzwissen-Kompakt-Band-50-A5-212x300.jpg 212w, https:\/\/efweha-verlag.de\/wordpress\/wp-content\/uploads\/2019\/10\/Umschlag-Datenschutzwissen-Kompakt-Band-50-A5.jpg 281w\" sizes=\"auto, (max-width: 212px) 100vw, 212px\" \/>Der Europ\u00e4ische Gerichtshof (EuGH) hat am 01. Oktober 2019 in einem sogenannten Vorabentscheidungsverfahren ein Urteil mit wesentlichen Aussagen zur Wirksamkeit einer Einwilligung im Zusammenhang mit Werbe-Cookies und dem Umfang der Informationspflichten des Websitebetreibers gef\u00e4llt.<\/p>\n<p>Auch wenn der vorlegende Bundesgerichtshof (BGH) das EuGH-Cookie-Urteil noch in seinem Urteil im konkreten Rechtsstreit zwischen dem Verbraucherzentrale Bundesverband e. V. und der Planet49 GmbH ber\u00fccksichtigen muss, hat das EuGH-Cookie-Urteil doch auch direkt weitgehende Auswirkungen auf alle Websites, die bestimmte Cookies und\/oder Trackingverfahren einsetzen.<\/p>\n<p>Dieses Werk enth\u00e4lt eine datenschutzrechtliche Bewertung des EuGH-Cookie-Urteils und Handlungsempfehlungen f\u00fcr Websitebetreiber. Einen <a href=\"https:\/\/efweha-verlag.de\/wordpress\/wp-content\/uploads\/2019\/10\/Bd_50-EuGH-Cookie-Urteil-2019-10-Inhalt-Vorwort.pdf\" target=\"_blank\" rel=\"noopener noreferrer\"><strong>Auszug mit Inhaltsverzeichnis und Vorwort<\/strong><\/a> k\u00f6nnen Sie <a href=\"https:\/\/efweha-verlag.de\/wordpress\/wp-content\/uploads\/2019\/10\/Bd_50-EuGH-Cookie-Urteil-2019-10-Inhalt-Vorwort.pdf\" target=\"_blank\" rel=\"noopener noreferrer\">hier<\/a> als PDF-Datei herunterlagen.<\/p>\n<p>ISBN 978-3-95546-050-1, eBook (PDF-Datei), 36 Seiten DIN A5, 4,90 \u20ac<br \/>\nDieses eBook ist ausschlie\u00dflich \u00fcber Digistore24 bestellbar:<br \/>\n<a href=\"https:\/\/efweha-verlag.de\/impressum\/\"><img loading=\"lazy\" decoding=\"async\" class=\"alignnone size-full wp-image-74\" src=\"https:\/\/efweha-verlag.de\/wordpress\/wp-content\/uploads\/2016\/05\/efweha-verlag-externer-link.gif\" alt=\"Externer Link\" width=\"15\" height=\"12\" \/><\/a><a href=\"https:\/\/www.digistore24.com\/product\/289656\" target=\"_blank\" rel=\"noopener noreferrer\"><strong>https:\/\/www.digistore24.com\/product\/289656<\/strong><\/a><\/p>\n<p>Nach der <a href=\"https:\/\/efweha-verlag.de\/wordpress\/impressum\/\"><img loading=\"lazy\" decoding=\"async\" class=\"alignnone size-full wp-image-74\" src=\"https:\/\/efweha-verlag.de\/wordpress\/wp-content\/uploads\/2016\/05\/efweha-verlag-externer-link.gif\" alt=\"efweha-verlag-externer-link\" width=\"15\" height=\"12\" \/><\/a> <a href=\"https:\/\/www.digistore24.com\/product\/289656\" target=\"_blank\" rel=\"noopener noreferrer\"><strong>Bestellung \u00fcber Digistore24<\/strong><\/a> erhalten Sie einen Downloadlink, \u00fcber den Sie das eBook als PDF-Datei herunterladen k\u00f6nnen.<\/p>\n<p><strong>Hinweis f\u00fcr VerbraucherInnen:<\/strong> Gem\u00e4\u00df <a href=\"https:\/\/efweha-verlag.de\/wordpress\/impressum\/\"><img loading=\"lazy\" decoding=\"async\" class=\"alignnone size-full wp-image-74\" src=\"https:\/\/efweha-verlag.de\/wordpress\/wp-content\/uploads\/2016\/05\/efweha-verlag-externer-link.gif\" alt=\"efweha-verlag-externer-link\" width=\"15\" height=\"12\" \/><\/a><a href=\"http:\/\/dejure.org\/gesetze\/BGB\/356.html\" target=\"_blank\" rel=\"noopener noreferrer\">\u00a7 356\u00a0 Abs. 2, Ziff. 2 BGB<\/a> beginnt die gesetzliche Widerrufsfrist von 14 Tagen \u201ebei einem Vertrag, der (\u2026) die Lieferung von nicht auf einem k\u00f6rperlichen Datentr\u00e4ger befindlichen digitalen Inhalten zum Gegenstand hat, mit Vertragsschluss\u201c. Damit VerbraucherInnen das eBook nach der Bestellung direkt nutzen k\u00f6nnen, werden VerbraucherInnen gebeten, folgenden Text zu best\u00e4tigen:<br \/>\n&#8222;<em><strong>Ich stimme ausdr\u00fccklich zu, dass Sie vor Ablauf der Widerrufsfrist mit der Ausf\u00fchrung des Vertrages beginnen. Mir ist bekannt, dass ich durch diese Zustimmung mit Beginn der Ausf\u00fchrung des Vertrages mein Widerrufsrecht verliere.<\/strong><\/em>&#8220;<\/p>\n<h3><strong> Hinweis f\u00fcr sonstige MarktteilnehmerInnen <\/strong>\u00a0(das sind juristische Personen sowie nat\u00fcrliche Personen, die dieses eBook zu Zwecken bestellen, die \u00fcberwiegend ihrer gewerblichen und\/oder ihrer selbst\u00e4ndigen beruflichen T\u00e4tigkeit zugerechnet werden k\u00f6nnen): Eine R\u00fcckgabe ist f\u00fcr sonstige MarkteilnehmerInnen &#8211; da es sich um ein eBook handelt &#8211; ausgeschlossen.<\/h3>\n<div class=\"twoclick_social_bookmarks_post_465 social_share_privacy clearfix 1.6.4 locale-de_DE sprite-de_DE\"><\/div><div class=\"twoclick-js\"><script type=\"text\/javascript\">\/* <![CDATA[ *\/\njQuery(document).ready(function($){if($('.twoclick_social_bookmarks_post_465')){$('.twoclick_social_bookmarks_post_465').socialSharePrivacy({\"txt_help\":\"Wenn Sie diese Felder durch einen Klick aktivieren, werden Informationen an Facebook, Twitter, Flattr, Xing, t3n, LinkedIn, Pinterest oder Google eventuell ins Ausland \\u00fcbertragen und unter Umst\\u00e4nden auch dort gespeichert. N\\u00e4heres erfahren Sie durch einen Klick auf das <em>i<\\\/em>.\",\"settings_perma\":\"Dauerhaft aktivieren und Daten\\u00fcber-tragung zustimmen:\",\"info_link\":\"http:\\\/\\\/www.heise.de\\\/ct\\\/artikel\\\/2-Klicks-fuer-mehr-Datenschutz-1333879.html\",\"uri\":\"https:\\\/\\\/efweha-verlag.de\\\/wordpress\\\/verlagsprogramm\\\/datenschutzwissen-praxiserpobt-fuer-unternehmen-gewerbetreibende-selbstaendige\\\/bd-50-das-cookie-urteil-des-eugh-vom-01-10-2019-stellungnahme-und-empfehlungen\\\/\",\"post_id\":465,\"post_title_referrer_track\":\"Bd.+50+%26%238211%3B+Das+%26%238222%3BCookie-Urteil%26%238220%3B+des+EuGH+vom+01.10.2019+%26%238211%3B+Stellungnahme+und+Empfehlungen\",\"display_infobox\":\"on\"});}});\n\/* ]]> *\/<\/script><\/div>","protected":false},"excerpt":{"rendered":"<p>Der Europ\u00e4ische Gerichtshof (EuGH) hat am 01. Oktober 2019 in einem sogenannten Vorabentscheidungsverfahren ein Urteil mit wesentlichen Aussagen zur Wirksamkeit einer Einwilligung im Zusammenhang mit Werbe-Cookies und dem Umfang der Informationspflichten des Websitebetreibers gef\u00e4llt. Auch wenn der vorlegende Bundesgerichtshof (BGH) &hellip; <a href=\"https:\/\/efweha-verlag.de\/wordpress\/verlagsprogramm\/datenschutzwissen-praxiserpobt-fuer-unternehmen-gewerbetreibende-selbstaendige\/bd-50-das-cookie-urteil-des-eugh-vom-01-10-2019-stellungnahme-und-empfehlungen\/\">Weiterlesen <span class=\"meta-nav\">&rarr;<\/span><\/a><\/p>\n","protected":false},"author":1,"featured_media":0,"parent":58,"menu_order":50,"comment_status":"closed","ping_status":"closed","template":"","meta":{"footnotes":""},"class_list":["post-465","page","type-page","status-publish","hentry"],"_links":{"self":[{"href":"https:\/\/efweha-verlag.de\/wordpress\/wp-json\/wp\/v2\/pages\/465","targetHints":{"allow":["GET"]}}],"collection":[{"href":"https:\/\/efweha-verlag.de\/wordpress\/wp-json\/wp\/v2\/pages"}],"about":[{"href":"https:\/\/efweha-verlag.de\/wordpress\/wp-json\/wp\/v2\/types\/page"}],"author":[{"embeddable":true,"href":"https:\/\/efweha-verlag.de\/wordpress\/wp-json\/wp\/v2\/users\/1"}],"replies":[{"embeddable":true,"href":"https:\/\/efweha-verlag.de\/wordpress\/wp-json\/wp\/v2\/comments?post=465"}],"version-history":[{"count":11,"href":"https:\/\/efweha-verlag.de\/wordpress\/wp-json\/wp\/v2\/pages\/465\/revisions"}],"predecessor-version":[{"id":497,"href":"https:\/\/efweha-verlag.de\/wordpress\/wp-json\/wp\/v2\/pages\/465\/revisions\/497"}],"up":[{"embeddable":true,"href":"https:\/\/efweha-verlag.de\/wordpress\/wp-json\/wp\/v2\/pages\/58"}],"wp:attachment":[{"href":"https:\/\/efweha-verlag.de\/wordpress\/wp-json\/wp\/v2\/media?parent=465"}],"curies":[{"name":"wp","href":"https:\/\/api.w.org\/{rel}","templated":true}]}}