{"id":62,"date":"2016-05-24T18:52:28","date_gmt":"2016-05-24T16:52:28","guid":{"rendered":"https:\/\/efweha-verlag.de\/wordpress\/?page_id=62"},"modified":"2017-06-25T17:46:55","modified_gmt":"2017-06-25T15:46:55","slug":"datenschutzwissen-kompakt-datenschutzwissen-praxiserpobt-fuer-betriebsraete","status":"publish","type":"page","link":"https:\/\/efweha-verlag.de\/wordpress\/verlagsprogramm\/datenschutzwissen-kompakt-datenschutzwissen-praxiserpobt-fuer-betriebsraete\/","title":{"rendered":"Datenschutzwissen kompakt &#8211; Datenschutzwissen &#8211; praxiserpobt &#8211; f\u00fcr Betriebsr\u00e4te"},"content":{"rendered":"<p class=\"x97\"><span style=\"font-size: medium;\">Diese Reihe richtet sich in erster Linie an\u00a0Betriebsr\u00e4te sowie\u00a0an betriebliche Datenschutzbeauftragte, die sich um den Besch\u00e4ftigtendatenschutz k\u00fcmmern (wollen).\u00a0 Die Liste der Titel wird regelm\u00e4\u00dfig erg\u00e4nzt.<\/span><\/p>\n<p class=\"h2x97\"><strong>Liste der verf\u00fcgbaren Titel:<\/strong><\/p>\n<ul>\n<li><span style=\"font-size: medium;\"><strong>Band 20:<\/strong> <em>Professor Franz Josef D\u00fcwell, Vorsitzender Richter am Bundesarbeitsgericht a.D.: <\/em><a class=\"x97\" href=\"http:\/\/efweha-verlag.de\/verlagsprogramm\/datenschutzwissen-praxiserpobt-fuer-unternehmen-gewerbetreibende-selbstaendige\/bd-20-beschaeftigtendatenschutz-im-fokus-der-rechtsprechung-des-bundesarbeitsgerichts-und-des-bundesverwaltungsgerichts\/\">Besch\u00e4ftigtendatenschutz im Fokus der Rechtsprechung des Bundesarbeitsgerichts und des Bundesverwaltungsgerichts<\/a>\u00a0&#8211; Der Auftrag des Gesetzgebers und der Beitrag der Gerichte<\/span><\/li>\n<li><strong>Band 4.0:<\/strong> <em>Werner H\u00fclsmann, Datenschutzsachverst\u00e4ndiger:<\/em> <a href=\"https:\/\/efweha-verlag.de\/verlagsprogramm\/datenschutzwissen-praxiserpobt-fuer-unternehmen-gewerbetreibende-selbstaendige\/bd-4-1-dsgvo-synopse-mit-gegenueberstellung-der-artikel-und-erwaegungsgruende-sowie-entsprechenden-regelungen-des-neuen-bdsg\/\">Die Europ\u00e4ische Datenschutzgrundverordnung &#8211; DSGVO &#8211; Eine Synopse der Artikel und der Erw\u00e4gungsgr\u00fcnde der DGSVO mit den vergleichbaren Regelungen des neuen Bundesdatenschutzgesetz (BDSG-neu) &#8211; eBook<\/a><\/li>\n<li><strong>Band 4.1:<\/strong> <em>Werner H\u00fclsmann, Datenschutzsachverst\u00e4ndiger:<\/em> <a href=\"https:\/\/efweha-verlag.de\/verlagsprogramm\/datenschutzwissen-praxiserpobt-fuer-unternehmen-gewerbetreibende-selbstaendige\/bd-4-1-dsgvo-synopse-mit-gegenueberstellung-der-artikel-und-erwaegungsgruende-sowie-entsprechenden-regelungen-des-neuen-bdsg\/\">Die Europ\u00e4ische Datenschutzgrundverordnung &#8211; DSGVO &#8211; Eine Synopse der Artikel und der Erw\u00e4gungsgr\u00fcnde der DGSVO mit den vergleichbaren Regelungen des neuen Bundesdatenschutzgesetz (BDSG-neu) &#8211; gedruckte Version<\/a><\/li>\n<\/ul>\n<p class=\"x97\"><span style=\"font-size: large;\">Hier geht es zur <\/span><a class=\"x97\" href=\"http:\/\/efweha-verlag.de\/bestellung\/\"><span style=\"font-size: large;\"><strong>Bestellung<\/strong><\/span><\/a><span style=\"font-size: large;\"> (oder direkt zum <\/span><a class=\"x97\" href=\"https:\/\/efweha-verlag.de\/bestellen\" target=\"_blank\" rel=\"noopener\"><span style=\"font-size: large;\"><strong>Bestellformular<\/strong><\/span><\/a><span style=\"font-size: large;\">)<\/span><\/p>\n<p>&nbsp;<\/p>\n<div class=\"twoclick_social_bookmarks_post_62 social_share_privacy clearfix 1.6.4 locale-de_DE sprite-de_DE\"><\/div><div class=\"twoclick-js\"><script type=\"text\/javascript\">\/* <![CDATA[ *\/\njQuery(document).ready(function($){if($('.twoclick_social_bookmarks_post_62')){$('.twoclick_social_bookmarks_post_62').socialSharePrivacy({\"txt_help\":\"Wenn Sie diese Felder durch einen Klick aktivieren, werden Informationen an Facebook, Twitter, Flattr, Xing, t3n, LinkedIn, Pinterest oder Google eventuell ins Ausland \\u00fcbertragen und unter Umst\\u00e4nden auch dort gespeichert. N\\u00e4heres erfahren Sie durch einen Klick auf das <em>i<\\\/em>.\",\"settings_perma\":\"Dauerhaft aktivieren und Daten\\u00fcber-tragung zustimmen:\",\"info_link\":\"http:\\\/\\\/www.heise.de\\\/ct\\\/artikel\\\/2-Klicks-fuer-mehr-Datenschutz-1333879.html\",\"uri\":\"https:\\\/\\\/efweha-verlag.de\\\/wordpress\\\/verlagsprogramm\\\/datenschutzwissen-kompakt-datenschutzwissen-praxiserpobt-fuer-betriebsraete\\\/\",\"post_id\":62,\"post_title_referrer_track\":\"Datenschutzwissen+kompakt+%26%238211%3B+Datenschutzwissen+%26%238211%3B+praxiserpobt+%26%238211%3B+f%C3%BCr+Betriebsr%C3%A4te\",\"display_infobox\":\"on\"});}});\n\/* ]]> *\/<\/script><\/div>","protected":false},"excerpt":{"rendered":"<p>Diese Reihe richtet sich in erster Linie an\u00a0Betriebsr\u00e4te sowie\u00a0an betriebliche Datenschutzbeauftragte, die sich um den Besch\u00e4ftigtendatenschutz k\u00fcmmern (wollen).\u00a0 Die Liste der Titel wird regelm\u00e4\u00dfig erg\u00e4nzt. Liste der verf\u00fcgbaren Titel: Band 20: Professor Franz Josef D\u00fcwell, Vorsitzender Richter am Bundesarbeitsgericht a.D.: &hellip; <a href=\"https:\/\/efweha-verlag.de\/wordpress\/verlagsprogramm\/datenschutzwissen-kompakt-datenschutzwissen-praxiserpobt-fuer-betriebsraete\/\">Weiterlesen <span class=\"meta-nav\">&rarr;<\/span><\/a><\/p>\n","protected":false},"author":1,"featured_media":0,"parent":26,"menu_order":40,"comment_status":"closed","ping_status":"closed","template":"","meta":{"footnotes":""},"class_list":["post-62","page","type-page","status-publish","hentry"],"_links":{"self":[{"href":"https:\/\/efweha-verlag.de\/wordpress\/wp-json\/wp\/v2\/pages\/62","targetHints":{"allow":["GET"]}}],"collection":[{"href":"https:\/\/efweha-verlag.de\/wordpress\/wp-json\/wp\/v2\/pages"}],"about":[{"href":"https:\/\/efweha-verlag.de\/wordpress\/wp-json\/wp\/v2\/types\/page"}],"author":[{"embeddable":true,"href":"https:\/\/efweha-verlag.de\/wordpress\/wp-json\/wp\/v2\/users\/1"}],"replies":[{"embeddable":true,"href":"https:\/\/efweha-verlag.de\/wordpress\/wp-json\/wp\/v2\/comments?post=62"}],"version-history":[{"count":5,"href":"https:\/\/efweha-verlag.de\/wordpress\/wp-json\/wp\/v2\/pages\/62\/revisions"}],"predecessor-version":[{"id":296,"href":"https:\/\/efweha-verlag.de\/wordpress\/wp-json\/wp\/v2\/pages\/62\/revisions\/296"}],"up":[{"embeddable":true,"href":"https:\/\/efweha-verlag.de\/wordpress\/wp-json\/wp\/v2\/pages\/26"}],"wp:attachment":[{"href":"https:\/\/efweha-verlag.de\/wordpress\/wp-json\/wp\/v2\/media?parent=62"}],"curies":[{"name":"wp","href":"https:\/\/api.w.org\/{rel}","templated":true}]}}