{"id":8,"date":"2016-05-23T20:21:32","date_gmt":"2016-05-23T20:21:32","guid":{"rendered":"https:\/\/efweha-verlag.de\/wordpress\/?page_id=8"},"modified":"2024-05-14T22:17:01","modified_gmt":"2024-05-14T20:17:01","slug":"impressum","status":"publish","type":"page","link":"https:\/\/efweha-verlag.de\/wordpress\/impressum\/","title":{"rendered":"Impressum"},"content":{"rendered":"<p class=\"x97\">Anbieter gem\u00e4\u00df \u00a7 5 Digitale-Dienste-Gesetz (DDG) und \u00a7 18 Abs. 1 Medienstaatsvertrag (MStV) sowie ViSdM (Verantwortlicher im Sinne des Medienrechts gem\u00e4\u00df \u00a7 18 Abs. 2 MStV) ist:<\/p>\n<p class=\"x97\" align=\"center\">Dipl. Inform. Werner H\u00fclsmann<br \/>\nEfWeHa-Verlag<br \/>\nM\u00fcnchener Str. 101 \/ Geb. 1<br \/>\n85737 Ismaning<br \/>\nTel.: 089 \/ 61 51 54 17<br \/>\n<a class=\"x97\" href=\"mailto:wh@efweha-verlag.de?subject=Impressum\" target=\"_top\" rel=\"noopener noreferrer\">E-Mail<\/a>: <a href=\"mailto:whefweha-verlag.de?subject=Anfrage%20%von%20Impressumsseite\"><img loading=\"lazy\" decoding=\"async\" class=\"alignnone size-full wp-image-79\" src=\"https:\/\/efweha-verlag.de\/wordpress\/wp-content\/uploads\/2016\/05\/wh_efweha-verlag_de.gif\" alt=\"wh_efweha-verlag_de\" width=\"171\" height=\"18\" \/><\/a><a class=\"x97\" href=\"mailto:wh@efweha-verlag.de?subject=Impressum\" target=\"_top\" rel=\"noopener noreferrer\"><br \/>\n<\/a>Umsatzsteuer-ID: DE186178676<\/p>\n<h2>Online-Streitbeilegung<\/h2>\n<p>Die Europ\u00e4ische Kommission stellt eine Plattform f\u00fcr die au\u00dfergerichtliche Online-Streitbeilegung (OS-Plattform) bereit, die unter <a title=\"\" href=\"http:\/\/www.ec.europa.eu\/consumers\/odr\" target=\"_blank\" rel=\"nofollow noopener noreferrer\">www.ec.europa.eu\/consumers\/odr<\/a> aufrufbar ist. Meine E-Mail-Adresse finden Sie oben. Wir sind weder verpflichtet noch bereit, an dem Streitschlichtungsverfahren teilzunehmen.<\/p>\n<h2 class=\"h2x97\">Haftungsausschlu\u00df f\u00fcr externe Links<\/h2>\n<p class=\"x97\">\u00a0Externe Links sind durch dieses Symbol gekennzeichnet: <img loading=\"lazy\" decoding=\"async\" class=\"alignnone size-full wp-image-74\" src=\"https:\/\/efweha-verlag.de\/wordpress\/wp-content\/uploads\/2016\/05\/efweha-verlag-externer-link.gif\" alt=\"efweha-verlag-externer-link\" width=\"15\" height=\"12\" \/><br \/>\nTrotzt sorgf\u00e4ltiger Pr\u00fcfung kann ich keine Verantwortung f\u00fcr die Inhalte der externen verlinkten Seiten \u00fcbernehmen, da diese sich nach der Linksetzung ver\u00e4ndern k\u00f6nnen. Sollten Sie einen Link bemerken, der entweder nicht mehr funktioniert oder aber auf thematisch unpassende Inhalte verweist, schicken Sie mir bitte eine <a class=\"x97\" href=\"mailto:wh@efweha-verlag.de?subject=Link-Fehler\" target=\"_top\" rel=\"noopener noreferrer\">E-Mail<\/a>\u00a0an: <a href=\"mailto:whefweha-verlag.de?subject=Hinweis%20auf%20Linkfehler\"><img loading=\"lazy\" decoding=\"async\" class=\"alignnone size-full wp-image-79\" src=\"https:\/\/efweha-verlag.de\/wordpress\/wp-content\/uploads\/2016\/05\/wh_efweha-verlag_de.gif\" alt=\"wh_efweha-verlag_de\" width=\"171\" height=\"18\" \/><\/a>.<\/p>\n<div class=\"twoclick_social_bookmarks_post_8 social_share_privacy clearfix 1.6.4 locale-de_DE sprite-de_DE\"><\/div><div class=\"twoclick-js\"><script type=\"text\/javascript\">\/* <![CDATA[ *\/\njQuery(document).ready(function($){if($('.twoclick_social_bookmarks_post_8')){$('.twoclick_social_bookmarks_post_8').socialSharePrivacy({\"txt_help\":\"Wenn Sie diese Felder durch einen Klick aktivieren, werden Informationen an Facebook, Twitter, Flattr, Xing, t3n, LinkedIn, Pinterest oder Google eventuell ins Ausland \\u00fcbertragen und unter Umst\\u00e4nden auch dort gespeichert. N\\u00e4heres erfahren Sie durch einen Klick auf das <em>i<\\\/em>.\",\"settings_perma\":\"Dauerhaft aktivieren und Daten\\u00fcber-tragung zustimmen:\",\"info_link\":\"http:\\\/\\\/www.heise.de\\\/ct\\\/artikel\\\/2-Klicks-fuer-mehr-Datenschutz-1333879.html\",\"uri\":\"https:\\\/\\\/efweha-verlag.de\\\/wordpress\\\/impressum\\\/\",\"post_id\":8,\"post_title_referrer_track\":\"Impressum\",\"display_infobox\":\"on\"});}});\n\/* ]]> *\/<\/script><\/div>","protected":false},"excerpt":{"rendered":"<p>Anbieter gem\u00e4\u00df \u00a7 5 Digitale-Dienste-Gesetz (DDG) und \u00a7 18 Abs. 1 Medienstaatsvertrag (MStV) sowie ViSdM (Verantwortlicher im Sinne des Medienrechts gem\u00e4\u00df \u00a7 18 Abs. 2 MStV) ist: Dipl. Inform. Werner H\u00fclsmann EfWeHa-Verlag M\u00fcnchener Str. 101 \/ Geb. 1 85737 Ismaning &hellip; <a href=\"https:\/\/efweha-verlag.de\/wordpress\/impressum\/\">Weiterlesen <span class=\"meta-nav\">&rarr;<\/span><\/a><\/p>\n","protected":false},"author":1,"featured_media":0,"parent":0,"menu_order":85,"comment_status":"closed","ping_status":"closed","template":"","meta":{"footnotes":""},"class_list":["post-8","page","type-page","status-publish","hentry"],"_links":{"self":[{"href":"https:\/\/efweha-verlag.de\/wordpress\/wp-json\/wp\/v2\/pages\/8","targetHints":{"allow":["GET"]}}],"collection":[{"href":"https:\/\/efweha-verlag.de\/wordpress\/wp-json\/wp\/v2\/pages"}],"about":[{"href":"https:\/\/efweha-verlag.de\/wordpress\/wp-json\/wp\/v2\/types\/page"}],"author":[{"embeddable":true,"href":"https:\/\/efweha-verlag.de\/wordpress\/wp-json\/wp\/v2\/users\/1"}],"replies":[{"embeddable":true,"href":"https:\/\/efweha-verlag.de\/wordpress\/wp-json\/wp\/v2\/comments?post=8"}],"version-history":[{"count":8,"href":"https:\/\/efweha-verlag.de\/wordpress\/wp-json\/wp\/v2\/pages\/8\/revisions"}],"predecessor-version":[{"id":525,"href":"https:\/\/efweha-verlag.de\/wordpress\/wp-json\/wp\/v2\/pages\/8\/revisions\/525"}],"wp:attachment":[{"href":"https:\/\/efweha-verlag.de\/wordpress\/wp-json\/wp\/v2\/media?parent=8"}],"curies":[{"name":"wp","href":"https:\/\/api.w.org\/{rel}","templated":true}]}}