{"id":95,"date":"2016-05-24T19:35:22","date_gmt":"2016-05-24T17:35:22","guid":{"rendered":"https:\/\/efweha-verlag.de\/wordpress\/?page_id=95"},"modified":"2017-10-07T10:13:22","modified_gmt":"2017-10-07T08:13:22","slug":"bd-20-beschaeftigtendatenschutz-im-fokus-der-rechtsprechung-des-bundesarbeitsgerichts-und-des-bundesverwaltungsgerichts","status":"publish","type":"page","link":"https:\/\/efweha-verlag.de\/wordpress\/verlagsprogramm\/datenschutzwissen-praxiserpobt-fuer-unternehmen-gewerbetreibende-selbstaendige\/bd-20-beschaeftigtendatenschutz-im-fokus-der-rechtsprechung-des-bundesarbeitsgerichts-und-des-bundesverwaltungsgerichts\/","title":{"rendered":"Bd. 20 Besch\u00e4ftigtendatenschutz im Fokus der Rechtsprechung des Bundesarbeitsgerichts und des Bundesverwaltungsgerichts"},"content":{"rendered":"<p class=\"x97\"><span style=\"font-size: large;\"><a class=\"x97\" href=\"https:\/\/efweha-verlag.de\/autor_innen\/professor-franz-josef-duewell\/\">Professor Franz Josef D\u00fcwell<\/a>,<br \/>\nVorsitzender Richter am Bundesarbeitsgericht a.D.:<\/span><\/p>\n<h2 class=\"h2x97\">Besch\u00e4ftigtendatenschutz im Fokus der Rechtsprechung des Bundesarbeitsgerichts und des Bundesverwaltungsgerichts<br \/>\n&#8211; Der Auftrag des Gesetzgebers und der Beitrag der Gerichte &#8211;<\/h2>\n<h3 class=\"h2x97\">Inhalt<\/h3>\n<p class=\"h2x97\"><span style=\"font-size: medium;\">In der langen Zeit der Vertr\u00f6stung auf eine alsbald anstehende gesetzliche Regelung haben die Gerichte f\u00fcr Arbeitssachen schon auf die ihnen von den Arbeitsvertrags- und Betriebsparteien unterbreiteten Fragen zum Besch\u00e4ftigtendatenschutz Antworten finden m\u00fcssen. Es haben sich dabei folgende Rechtsprobleme herauskristallisiert:<\/span><\/p>\n<ul>\n<li>\n<p class=\"h2x97\"><span style=\"font-size: medium;\">die Begrenzung der Erhebung von personenbezogenen Daten unter dem Gesichtspunkt des Verh\u00e4ltnism\u00e4\u00dfigkeitsgrundsatzes,<\/span><\/p>\n<\/li>\n<li>\n<p class=\"h2x97\"><span style=\"font-size: medium;\">die Mitbestimmung bei der Erhebung und Verwendung von Leistungs- und Verhaltensdaten durch technische Einrichtungen, <\/span><\/p>\n<\/li>\n<li>\n<p class=\"h2x97\"><span style=\"font-size: medium;\">die Zul\u00e4ssigkeit der Video\u00fcberwachung, <\/span><\/p>\n<\/li>\n<li>\n<p class=\"h2x97\"><span style=\"font-size: medium;\">die Verwendung der mit technischen Einrichtungen erhobenen Leistungs- und Verhaltensdaten im Prozess, <\/span><\/p>\n<\/li>\n<li>\n<p class=\"h2x97\"><span style=\"font-size: medium;\">der Anspruch des Betriebsrats und der Schwerbehindertenvertretung auf Mitteilung von Personendaten f\u00fcr die Erf\u00fcllung ihrer gesetzlichen \u00dcberwachungsaufgabe und <\/span><\/p>\n<\/li>\n<li>\n<p class=\"h2x97\"><span style=\"font-size: medium;\">die Bestellung und Abberufung des betrieblichen Datenschutzbeauftragten.<\/span><\/p>\n<\/li>\n<\/ul>\n<p class=\"h2x97\"><span style=\"font-size: medium;\">Dieses Buch zeigt auf, welche Antworten das Bundesarbeitsgericht (BAG) sowie das Bundesverwaltungsgericht (BVerwG) auf die an sie herangetragenen Fragen gefunden hat.<\/span><\/p>\n<p class=\"x97\">\u00a0<strong>Hier finden Sie das <\/strong><a class=\"x97\" href=\"http:\/\/efweha-verlag.de\/wordpress\/wp-content\/uploads\/2016\/05\/Beschaeftigtendatenschutz__Rechtsprechung-Auszug.pdf\" target=\"_blank\" rel=\"noopener\"><strong>Inhaltsverzeichnis mit einem Textauszug<\/strong><\/a><strong> zum Download!<\/strong><\/p>\n<p class=\"h2x97\">\u00a0<span style=\"font-size: medium;\">ISBN: 978-3-95546-020-4, ca.\u00a0100 Seiten, Preis: 9,80 EUR &#8211; 1. Auflage November 2012<\/span><\/p>\n<ul>\n<li>\u00a0<strong><a class=\"x97\" href=\"http:\/\/efweha-verlag.de\/wordpress\/wp-content\/uploads\/2016\/05\/Flyer_Beschaeftigtendatenschutz_Rechtsprechung.pdf\" target=\"_blank\" rel=\"noopener\"><span style=\"font-size: medium;\">Flyer mit Bestellformular zum herunterladen<\/span><\/a><\/strong><\/li>\n<li><a class=\"x97\" href=\"mailto:bestellung@efweha-verlag.de?subject=Bestellung%20Bd.%2020%20Besch%C3%A4ftigtendatenschutz&amp;body=Hiermit%20bestelle%20ich%20verbindlich%20ein%20Exemplar%20des%20Buches%20Besch%C3%A4ftigtendatenschutz%20im%20Fokus%20der%20Rechtsprechung%20des%20Bundesarbeitsgerichts%20und%20des%20Bundesverwaltungsgerichts%20ISBN:%20978-3-95546-020-4,%20zum%20Preis%20von%209,80%20EUR%20%28inkl.%20MWSt.%29.%20Meine%20Anschrift%20lautet:\" target=\"_top\"><span style=\"font-size: medium;\">Bestellung per E-Mail<\/span><\/a><span style=\"font-size: medium;\"> (\u00f6ffnet sich in Ihrem E-Mail-Programm)<\/span><\/li>\n<\/ul>\n<p class=\"x97\"><strong>Hinweis: Das Buch ist in ausreichender Menge am Lager und ab sofort lieferbar!<\/strong><\/p>\n<p class=\"x97\"><span style=\"font-size: large;\">Hier geht es zur <\/span><a class=\"x97\" href=\"https:\/\/efweha-verlag.de\/bestellung\/\"><span style=\"font-size: large;\"><strong>Bestellung<\/strong><\/span><\/a><span style=\"font-size: large;\"> (oder direkt zum <\/span><a class=\"x97\" href=\"https:\/\/efweha-verlag.de\/bestellen\" target=\"_blank\" rel=\"noopener\"><span style=\"font-size: large;\"><strong>Bestellformular<\/strong><\/span><\/a><span style=\"font-size: large;\">)<\/span><\/p>\n<p>&nbsp;<\/p>\n<div class=\"twoclick_social_bookmarks_post_95 social_share_privacy clearfix 1.6.4 locale-de_DE sprite-de_DE\"><\/div><div class=\"twoclick-js\"><script type=\"text\/javascript\">\/* <![CDATA[ *\/\njQuery(document).ready(function($){if($('.twoclick_social_bookmarks_post_95')){$('.twoclick_social_bookmarks_post_95').socialSharePrivacy({\"txt_help\":\"Wenn Sie diese Felder durch einen Klick aktivieren, werden Informationen an Facebook, Twitter, Flattr, Xing, t3n, LinkedIn, Pinterest oder Google eventuell ins Ausland \\u00fcbertragen und unter Umst\\u00e4nden auch dort gespeichert. N\\u00e4heres erfahren Sie durch einen Klick auf das <em>i<\\\/em>.\",\"settings_perma\":\"Dauerhaft aktivieren und Daten\\u00fcber-tragung zustimmen:\",\"info_link\":\"http:\\\/\\\/www.heise.de\\\/ct\\\/artikel\\\/2-Klicks-fuer-mehr-Datenschutz-1333879.html\",\"uri\":\"https:\\\/\\\/efweha-verlag.de\\\/wordpress\\\/verlagsprogramm\\\/datenschutzwissen-praxiserpobt-fuer-unternehmen-gewerbetreibende-selbstaendige\\\/bd-20-beschaeftigtendatenschutz-im-fokus-der-rechtsprechung-des-bundesarbeitsgerichts-und-des-bundesverwaltungsgerichts\\\/\",\"post_id\":95,\"post_title_referrer_track\":\"Bd.+20+Besch%C3%A4ftigtendatenschutz+im+Fokus+der+Rechtsprechung+des+Bundesarbeitsgerichts+und+des+Bundesverwaltungsgerichts\",\"display_infobox\":\"on\"});}});\n\/* ]]> *\/<\/script><\/div>","protected":false},"excerpt":{"rendered":"<p>Professor Franz Josef D\u00fcwell, Vorsitzender Richter am Bundesarbeitsgericht a.D.: Besch\u00e4ftigtendatenschutz im Fokus der Rechtsprechung des Bundesarbeitsgerichts und des Bundesverwaltungsgerichts &#8211; Der Auftrag des Gesetzgebers und der Beitrag der Gerichte &#8211; Inhalt In der langen Zeit der Vertr\u00f6stung auf eine alsbald &hellip; <a href=\"https:\/\/efweha-verlag.de\/wordpress\/verlagsprogramm\/datenschutzwissen-praxiserpobt-fuer-unternehmen-gewerbetreibende-selbstaendige\/bd-20-beschaeftigtendatenschutz-im-fokus-der-rechtsprechung-des-bundesarbeitsgerichts-und-des-bundesverwaltungsgerichts\/\">Weiterlesen <span class=\"meta-nav\">&rarr;<\/span><\/a><\/p>\n","protected":false},"author":1,"featured_media":0,"parent":58,"menu_order":20,"comment_status":"closed","ping_status":"closed","template":"","meta":{"footnotes":""},"class_list":["post-95","page","type-page","status-publish","hentry"],"_links":{"self":[{"href":"https:\/\/efweha-verlag.de\/wordpress\/wp-json\/wp\/v2\/pages\/95","targetHints":{"allow":["GET"]}}],"collection":[{"href":"https:\/\/efweha-verlag.de\/wordpress\/wp-json\/wp\/v2\/pages"}],"about":[{"href":"https:\/\/efweha-verlag.de\/wordpress\/wp-json\/wp\/v2\/types\/page"}],"author":[{"embeddable":true,"href":"https:\/\/efweha-verlag.de\/wordpress\/wp-json\/wp\/v2\/users\/1"}],"replies":[{"embeddable":true,"href":"https:\/\/efweha-verlag.de\/wordpress\/wp-json\/wp\/v2\/comments?post=95"}],"version-history":[{"count":6,"href":"https:\/\/efweha-verlag.de\/wordpress\/wp-json\/wp\/v2\/pages\/95\/revisions"}],"predecessor-version":[{"id":405,"href":"https:\/\/efweha-verlag.de\/wordpress\/wp-json\/wp\/v2\/pages\/95\/revisions\/405"}],"up":[{"embeddable":true,"href":"https:\/\/efweha-verlag.de\/wordpress\/wp-json\/wp\/v2\/pages\/58"}],"wp:attachment":[{"href":"https:\/\/efweha-verlag.de\/wordpress\/wp-json\/wp\/v2\/media?parent=95"}],"curies":[{"name":"wp","href":"https:\/\/api.w.org\/{rel}","templated":true}]}}